{"id":1167,"date":"2024-04-10T15:20:54","date_gmt":"2024-04-10T13:20:54","guid":{"rendered":"https:\/\/rentmandel.youelba.com\/servizi\/noleggio-ebike\/"},"modified":"2024-05-13T08:40:15","modified_gmt":"2024-05-13T06:40:15","slug":"ebike-mieten","status":"publish","type":"page","link":"https:\/\/www.rentmandel.it\/de\/dienstleistung\/ebike-mieten\/","title":{"rendered":"E-bike Mieten"},"content":{"rendered":"\t\t<div data-elementor-type=\"wp-page\" data-elementor-id=\"1167\" class=\"elementor elementor-1167\">\n\t\t\t\t\t\t<section class=\"elementor-section elementor-top-section elementor-element elementor-element-75f61c9 elementor-section-stretched elementor-section-boxed elementor-section-height-default elementor-section-height-default\" data-id=\"75f61c9\" data-element_type=\"section\" data-e-type=\"section\" data-settings=\"{&quot;stretch_section&quot;:&quot;section-stretched&quot;}\">\n\t\t\t\t\t\t<div class=\"elementor-container elementor-column-gap-wider\">\n\t\t\t\t\t<div class=\"elementor-column elementor-col-100 elementor-top-column elementor-element elementor-element-222db53\" data-id=\"222db53\" data-element_type=\"column\" data-e-type=\"column\">\n\t\t\t<div class=\"elementor-widget-wrap elementor-element-populated\">\n\t\t\t\t\t\t<section class=\"elementor-section elementor-inner-section elementor-element elementor-element-98e99b9 elementor-section-boxed elementor-section-height-default elementor-section-height-default\" data-id=\"98e99b9\" data-element_type=\"section\" data-e-type=\"section\">\n\t\t\t\t\t\t<div class=\"elementor-container elementor-column-gap-wider\">\n\t\t\t\t\t<div class=\"elementor-column elementor-col-100 elementor-inner-column elementor-element elementor-element-0e03787\" data-id=\"0e03787\" data-element_type=\"column\" data-e-type=\"column\">\n\t\t\t<div class=\"elementor-widget-wrap elementor-element-populated\">\n\t\t\t\t\t\t<div class=\"elementor-element elementor-element-febf06b elementor-widget elementor-widget-text-editor\" data-id=\"febf06b\" data-element_type=\"widget\" data-e-type=\"widget\" data-widget_type=\"text-editor.default\">\n\t\t\t\t<div class=\"elementor-widget-container\">\n\t\t\t\t\t\t\t\t\t<h2>Miete dein E-Bike<\/h2>\t\t\t\t\t\t\t\t<\/div>\n\t\t\t\t<\/div>\n\t\t\t\t\t<\/div>\n\t\t<\/div>\n\t\t\t\t\t<\/div>\n\t\t<\/section>\n\t\t\t\t<section class=\"elementor-section elementor-inner-section elementor-element elementor-element-742a212 elementor-section-content-top elementor-section-boxed elementor-section-height-default elementor-section-height-default\" data-id=\"742a212\" data-element_type=\"section\" data-e-type=\"section\">\n\t\t\t\t\t\t<div class=\"elementor-container elementor-column-gap-extended\">\n\t\t\t\t\t<div class=\"elementor-column elementor-col-33 elementor-inner-column elementor-element elementor-element-94068f9\" data-id=\"94068f9\" data-element_type=\"column\" data-e-type=\"column\" data-settings=\"{&quot;background_background&quot;:&quot;classic&quot;}\">\n\t\t\t<div class=\"elementor-widget-wrap elementor-element-populated\">\n\t\t\t\t\t<div class=\"elementor-background-overlay\"><\/div>\n\t\t\t\t\t\t<div class=\"elementor-element elementor-element-9572442 elementor-widget elementor-widget-image\" data-id=\"9572442\" data-element_type=\"widget\" data-e-type=\"widget\" data-widget_type=\"image.default\">\n\t\t\t\t<div class=\"elementor-widget-container\">\n\t\t\t\t\t\t\t\t\t\t\t\t\t\t\t<img fetchpriority=\"high\" decoding=\"async\" width=\"1200\" height=\"800\" src=\"https:\/\/www.rentmandel.it\/wp-content\/uploads\/2024\/04\/bikefront-1200x800.jpg\" class=\"attachment-large size-large wp-image-645\" alt=\"rentmandel\" srcset=\"https:\/\/www.rentmandel.it\/wp-content\/uploads\/2024\/04\/bikefront-1200x800.jpg 1200w, https:\/\/www.rentmandel.it\/wp-content\/uploads\/2024\/04\/bikefront-500x333.jpg 500w, https:\/\/www.rentmandel.it\/wp-content\/uploads\/2024\/04\/bikefront-300x200.jpg 300w, https:\/\/www.rentmandel.it\/wp-content\/uploads\/2024\/04\/bikefront-768x512.jpg 768w, https:\/\/www.rentmandel.it\/wp-content\/uploads\/2024\/04\/bikefront-1536x1024.jpg 1536w, https:\/\/www.rentmandel.it\/wp-content\/uploads\/2024\/04\/bikefront-113x75.jpg 113w, https:\/\/www.rentmandel.it\/wp-content\/uploads\/2024\/04\/bikefront-480x320.jpg 480w, https:\/\/www.rentmandel.it\/wp-content\/uploads\/2024\/04\/bikefront.jpg 1920w\" sizes=\"(max-width:767px) 480px, (max-width:1200px) 100vw, 1200px\" \/>\t\t\t\t\t\t\t\t\t\t\t\t\t\t\t<\/div>\n\t\t\t\t<\/div>\n\t\t\t\t<div class=\"elementor-element elementor-element-3ec3487 elementor-widget elementor-widget-text-editor\" data-id=\"3ec3487\" data-element_type=\"widget\" data-e-type=\"widget\" data-widget_type=\"text-editor.default\">\n\t\t\t\t<div class=\"elementor-widget-container\">\n\t\t\t\t\t\t\t\t\t<h3>MTB Front 29&#8243;<\/h3><p>Aluminium-Vorderrad mit 29-Zoll-Laufradgr\u00f6\u00dfe. Trail-Geometrien f\u00fcr maximalen Spa\u00df auch bergab. SHIMANO Deore 12-V-Getriebe und 100-mm-Gabel.<\/p><p><strong>Batterie<br \/>630 Wh<\/strong><br \/><b>Hydraulischen Scheibenbremsen<\/b><br \/><b>5 Unterst\u00fctzungsstufen<\/b><br \/><b>R\u00e4der 29&#8243;<\/b><\/p>\t\t\t\t\t\t\t\t<\/div>\n\t\t\t\t<\/div>\n\t\t\t\t\t<\/div>\n\t\t<\/div>\n\t\t\t\t<div class=\"elementor-column elementor-col-33 elementor-inner-column elementor-element elementor-element-7db9438\" data-id=\"7db9438\" data-element_type=\"column\" data-e-type=\"column\" data-settings=\"{&quot;background_background&quot;:&quot;classic&quot;}\">\n\t\t\t<div class=\"elementor-widget-wrap elementor-element-populated\">\n\t\t\t\t\t<div class=\"elementor-background-overlay\"><\/div>\n\t\t\t\t\t\t<div class=\"elementor-element elementor-element-58e7e59 elementor-widget elementor-widget-image\" data-id=\"58e7e59\" data-element_type=\"widget\" data-e-type=\"widget\" data-widget_type=\"image.default\">\n\t\t\t\t<div class=\"elementor-widget-container\">\n\t\t\t\t\t\t\t\t\t\t\t\t\t\t\t<img decoding=\"async\" width=\"1200\" height=\"800\" src=\"https:\/\/www.rentmandel.it\/wp-content\/uploads\/2024\/04\/bikefull-1200x800.jpg\" class=\"attachment-large size-large wp-image-646\" alt=\"rentmandel\" srcset=\"https:\/\/www.rentmandel.it\/wp-content\/uploads\/2024\/04\/bikefull-1200x800.jpg 1200w, https:\/\/www.rentmandel.it\/wp-content\/uploads\/2024\/04\/bikefull-500x333.jpg 500w, https:\/\/www.rentmandel.it\/wp-content\/uploads\/2024\/04\/bikefull-300x200.jpg 300w, https:\/\/www.rentmandel.it\/wp-content\/uploads\/2024\/04\/bikefull-768x512.jpg 768w, https:\/\/www.rentmandel.it\/wp-content\/uploads\/2024\/04\/bikefull-1536x1024.jpg 1536w, https:\/\/www.rentmandel.it\/wp-content\/uploads\/2024\/04\/bikefull-113x75.jpg 113w, https:\/\/www.rentmandel.it\/wp-content\/uploads\/2024\/04\/bikefull-480x320.jpg 480w, https:\/\/www.rentmandel.it\/wp-content\/uploads\/2024\/04\/bikefull.jpg 1920w\" sizes=\"(max-width:767px) 480px, (max-width:1200px) 100vw, 1200px\" \/>\t\t\t\t\t\t\t\t\t\t\t\t\t\t\t<\/div>\n\t\t\t\t<\/div>\n\t\t\t\t<div class=\"elementor-element elementor-element-a53e330 elementor-widget elementor-widget-text-editor\" data-id=\"a53e330\" data-element_type=\"widget\" data-e-type=\"widget\" data-widget_type=\"text-editor.default\">\n\t\t\t\t<div class=\"elementor-widget-container\">\n\t\t\t\t\t\t\t\t\t<h3>MTB Full 29&#8243;<\/h3><p>Perfektes Fahrrad, um sowohl bergauf als auch bergab Spa\u00df zu haben: Wenn Sie ein technischer Biker oder Abenteuerliebhaber sind und die Insel Elba ohne die Hilfe des Motors erkunden m\u00f6chten, ist hier das richtige Fahrrad f\u00fcr Sie.<\/p><p><b>Batterie<br \/>720 Wh<\/b><br \/><b>Hydraulischen Scheibenbremsen<\/b><br \/><b>5 Unterst\u00fctzungsstufen + Walk Assistance<\/b><br \/><b>R\u00e4der 29&#8243;<\/b><\/p>\t\t\t\t\t\t\t\t<\/div>\n\t\t\t\t<\/div>\n\t\t\t\t\t<\/div>\n\t\t<\/div>\n\t\t\t\t<div class=\"elementor-column elementor-col-33 elementor-inner-column elementor-element elementor-element-9fa74eb\" data-id=\"9fa74eb\" data-element_type=\"column\" data-e-type=\"column\" data-settings=\"{&quot;background_background&quot;:&quot;classic&quot;}\">\n\t\t\t<div class=\"elementor-widget-wrap\">\n\t\t\t\t\t<div class=\"elementor-background-overlay\"><\/div>\n\t\t\t\t\t\t\t<\/div>\n\t\t<\/div>\n\t\t\t\t\t<\/div>\n\t\t<\/section>\n\t\t\t\t<section class=\"elementor-section elementor-inner-section elementor-element elementor-element-1f9388b elementor-section-content-top elementor-section-boxed elementor-section-height-default elementor-section-height-default\" data-id=\"1f9388b\" data-element_type=\"section\" data-e-type=\"section\">\n\t\t\t\t\t\t<div class=\"elementor-container elementor-column-gap-extended\">\n\t\t\t\t\t<div class=\"elementor-column elementor-col-100 elementor-inner-column elementor-element elementor-element-e306f85\" data-id=\"e306f85\" data-element_type=\"column\" data-e-type=\"column\" data-settings=\"{&quot;background_background&quot;:&quot;classic&quot;}\">\n\t\t\t<div class=\"elementor-widget-wrap\">\n\t\t\t\t\t<div class=\"elementor-background-overlay\"><\/div>\n\t\t\t\t\t\t\t<\/div>\n\t\t<\/div>\n\t\t\t\t\t<\/div>\n\t\t<\/section>\n\t\t\t\t<div class=\"elementor-element elementor-element-d36c1b3 elementor-widget elementor-widget-button\" data-id=\"d36c1b3\" data-element_type=\"widget\" data-e-type=\"widget\" data-widget_type=\"button.default\">\n\t\t\t\t<div class=\"elementor-widget-container\">\n\t\t\t\t\t\t\t\t\t<div class=\"elementor-button-wrapper\">\n\t\t\t\t\t<a class=\"elementor-button elementor-button-link elementor-size-sm\" href=\"\/de\/ebike-preise\">\n\t\t\t\t\t\t<span class=\"elementor-button-content-wrapper\">\n\t\t\t\t\t\t\t\t\t<span class=\"elementor-button-text\">Preiselist<\/span>\n\t\t\t\t\t<\/span>\n\t\t\t\t\t<\/a>\n\t\t\t\t<\/div>\n\t\t\t\t\t\t\t\t<\/div>\n\t\t\t\t<\/div>\n\t\t\t\t\t<\/div>\n\t\t<\/div>\n\t\t\t\t\t<\/div>\n\t\t<\/section>\n\t\t\t\t<section class=\"elementor-section elementor-top-section elementor-element elementor-element-5a1df27f elementor-section-stretched elementor-section-full_width elementor-section-height-default elementor-section-height-default\" data-id=\"5a1df27f\" data-element_type=\"section\" data-e-type=\"section\" data-settings=\"{&quot;stretch_section&quot;:&quot;section-stretched&quot;,&quot;background_background&quot;:&quot;classic&quot;}\">\n\t\t\t\t\t\t<div class=\"elementor-container elementor-column-gap-wider\">\n\t\t\t\t\t<div class=\"elementor-column elementor-col-100 elementor-top-column elementor-element elementor-element-573674cd\" data-id=\"573674cd\" data-element_type=\"column\" data-e-type=\"column\">\n\t\t\t<div class=\"elementor-widget-wrap elementor-element-populated\">\n\t\t\t\t\t\t<section class=\"elementor-section elementor-inner-section elementor-element elementor-element-54c05002 elementor-section-full_width elementor-section-height-default elementor-section-height-default\" data-id=\"54c05002\" data-element_type=\"section\" data-e-type=\"section\">\n\t\t\t\t\t\t<div class=\"elementor-container elementor-column-gap-no\">\n\t\t\t\t\t<div class=\"elementor-column elementor-col-100 elementor-inner-column elementor-element elementor-element-27c8303b\" data-id=\"27c8303b\" data-element_type=\"column\" data-e-type=\"column\">\n\t\t\t<div class=\"elementor-widget-wrap elementor-element-populated\">\n\t\t\t\t\t\t<div class=\"elementor-element elementor-element-51dbed31 elementor-widget elementor-widget-heading\" data-id=\"51dbed31\" data-element_type=\"widget\" data-e-type=\"widget\" data-widget_type=\"heading.default\">\n\t\t\t\t<div class=\"elementor-widget-container\">\n\t\t\t\t\t<h2 class=\"elementor-heading-title elementor-size-default\">Dienstleistung<\/h2>\t\t\t\t<\/div>\n\t\t\t\t<\/div>\n\t\t\t\t<div class=\"elementor-element elementor-element-6aba0544 elementor-widget elementor-widget-mfn_slider\" data-id=\"6aba0544\" data-element_type=\"widget\" data-e-type=\"widget\" data-widget_type=\"mfn_slider.default\">\n\t\t\t\t<div class=\"elementor-widget-container\">\n\t\t\t\t\t<div class=\"content_slider carousel\"><ul class=\"content_slider_ul\"><li class=\"content_slider_li content_slider_li_1\"><a href=\"\/de\/dienstleistung\/boot-mieten\/\" ><img decoding=\"async\" width=\"1200\" height=\"860\" src=\"https:\/\/www.rentmandel.it\/wp-content\/uploads\/2024\/05\/slider_1-1200x860.jpg\" class=\"scale-with-grid wp-post-image\" alt=\"\" \/><p class=\"title \">Boot Mieten<\/p><\/a><\/li><li class=\"content_slider_li content_slider_li_2\"><a href=\"\/de\/dienstleistung\/ebike-mieten\/\" ><img loading=\"lazy\" decoding=\"async\" width=\"1200\" height=\"860\" src=\"https:\/\/www.rentmandel.it\/wp-content\/uploads\/2024\/05\/slider_2-1200x860.jpg\" class=\"scale-with-grid wp-post-image\" alt=\"\" \/><p class=\"title \">E-bike Mieten<\/p><\/a><\/li><li class=\"content_slider_li content_slider_li_3\"><a href=\"\/de\/dienstleistung\/badeanstalt\" ><img loading=\"lazy\" decoding=\"async\" width=\"1200\" height=\"860\" src=\"https:\/\/www.rentmandel.it\/wp-content\/uploads\/2024\/05\/slider_9-1200x860.jpg\" class=\"scale-with-grid wp-post-image\" alt=\"\" \/><p class=\"title \">Badeanstalt<\/p><\/a><\/li><li class=\"content_slider_li content_slider_li_4\"><a href=\"\/de\/dienstleistung\/strandbar\/\" ><img loading=\"lazy\" decoding=\"async\" width=\"1200\" height=\"860\" src=\"https:\/\/www.rentmandel.it\/wp-content\/uploads\/2024\/05\/slider_4-1200x860.jpg\" class=\"scale-with-grid wp-post-image\" alt=\"\" \/><p class=\"title \">Strandbar<\/p><\/a><\/li><li class=\"content_slider_li content_slider_li_5\"><a href=\"\/de\/dienstleistung\/windsurfing-schule\/\" ><img loading=\"lazy\" decoding=\"async\" width=\"1200\" height=\"860\" src=\"https:\/\/www.rentmandel.it\/wp-content\/uploads\/2024\/05\/slider_10-1200x860.jpg\" class=\"scale-with-grid wp-post-image\" alt=\"\" \/><p class=\"title \">Windsurfing Schule<\/p><\/a><\/li><li class=\"content_slider_li content_slider_li_6\"><a href=\"\/de\/dienstleistung\/tauchen\/\" ><img loading=\"lazy\" decoding=\"async\" width=\"1200\" height=\"860\" src=\"https:\/\/www.rentmandel.it\/wp-content\/uploads\/2024\/05\/slider_6-1200x860.jpg\" class=\"scale-with-grid wp-post-image\" alt=\"\" \/><p class=\"title \">Tauchen<\/p><\/a><\/li><li class=\"content_slider_li content_slider_li_7\"><a href=\"\/de\/dienstleistung\/gefuehrte-exkursionen\/\" ><img loading=\"lazy\" decoding=\"async\" width=\"1200\" height=\"860\" src=\"https:\/\/www.rentmandel.it\/wp-content\/uploads\/2024\/05\/slider_3-1200x860.jpg\" class=\"scale-with-grid wp-post-image\" alt=\"\" \/><p class=\"title \">Gef\u00fchrte Exkursionen<\/p><\/a><\/li><li class=\"content_slider_li content_slider_li_8\"><a href=\"\/de\/dienstleistung\/miniclub\/\" ><img loading=\"lazy\" decoding=\"async\" width=\"1200\" height=\"860\" src=\"https:\/\/www.rentmandel.it\/wp-content\/uploads\/2024\/05\/slider_8-1200x860.jpg\" class=\"scale-with-grid wp-post-image\" alt=\"\" \/><p class=\"title \">Miniclub<\/p><\/a><\/li><li class=\"content_slider_li content_slider_li_9\"><a href=\"#\" ><img loading=\"lazy\" decoding=\"async\" width=\"1199\" height=\"860\" src=\"https:\/\/www.rentmandel.it\/wp-content\/uploads\/2026\/04\/mandel-e-mandel2-varie-3444-1199x860.jpg\" class=\"scale-with-grid wp-post-image\" alt=\"\" \/><p class=\"title \">Hydro Bike<\/p><\/a><\/li><\/ul><div class=\"slider_pager slider_pagination\"><\/div><\/div>\n\t\t\t\t<\/div>\n\t\t\t\t<\/div>\n\t\t\t\t\t<\/div>\n\t\t<\/div>\n\t\t\t\t\t<\/div>\n\t\t<\/section>\n\t\t\t\t\t<\/div>\n\t\t<\/div>\n\t\t\t\t\t<\/div>\n\t\t<\/section>\n\t\t\t\t<\/div>\n\t\t","protected":false},"excerpt":{"rendered":"<p>Miete dein E-Bike MTB Front 29&#8243; Aluminium-Vorderrad mit 29-Zoll-Laufradgr\u00f6\u00dfe. Trail-Geometrien f\u00fcr maximalen Spa\u00df auch bergab. SHIMANO Deore 12-V-Getriebe und 100-mm-Gabel. Batterie630 WhHydraulischen Scheibenbremsen5 Unterst\u00fctzungsstufenR\u00e4der 29&#8243; MTB<span class=\"excerpt-hellip\"> [\u2026]<\/span><\/p>\n","protected":false},"author":1,"featured_media":0,"parent":1157,"menu_order":0,"comment_status":"open","ping_status":"closed","template":"","meta":{"footnotes":""},"class_list":["post-1167","page","type-page","status-publish","hentry"],"yoast_head":"<!-- This site is optimized with the Yoast SEO plugin v27.3 - https:\/\/yoast.com\/product\/yoast-seo-wordpress\/ -->\n<title>E-bike Mieten - Rent Mandel<\/title>\n<meta name=\"robots\" content=\"index, follow, max-snippet:-1, max-image-preview:large, max-video-preview:-1\" \/>\n<link rel=\"canonical\" href=\"https:\/\/www.rentmandel.it\/servizi\/noleggio-ebike\/\" \/>\n<meta property=\"og:locale\" content=\"de_DE\" \/>\n<meta property=\"og:type\" content=\"article\" \/>\n<meta property=\"og:title\" content=\"E-bike Mieten - Rent Mandel\" \/>\n<meta property=\"og:description\" content=\"Miete dein E-Bike MTB Front 29&#8243; Aluminium-Vorderrad mit 29-Zoll-Laufradgr\u00f6\u00dfe. Trail-Geometrien f\u00fcr maximalen Spa\u00df auch bergab. SHIMANO Deore 12-V-Getriebe und 100-mm-Gabel. Batterie630 WhHydraulischen Scheibenbremsen5 Unterst\u00fctzungsstufenR\u00e4der 29&#8243; MTB [\u2026]\" \/>\n<meta property=\"og:url\" content=\"https:\/\/www.rentmandel.it\/servizi\/noleggio-ebike\/\" \/>\n<meta property=\"og:site_name\" content=\"Rent Mandel\" \/>\n<meta property=\"article:modified_time\" content=\"2024-05-13T06:40:15+00:00\" \/>\n<meta property=\"og:image\" content=\"https:\/\/rentmandel.youelba.com\/wp-content\/uploads\/2024\/04\/bikefront-1200x800.jpg\" \/>\n<meta name=\"twitter:card\" content=\"summary_large_image\" \/>\n<script type=\"application\/ld+json\" class=\"yoast-schema-graph\">{\"@context\":\"https:\\\/\\\/schema.org\",\"@graph\":[{\"@type\":\"WebPage\",\"@id\":\"https:\\\/\\\/www.rentmandel.it\\\/servizi\\\/noleggio-ebike\\\/\",\"url\":\"https:\\\/\\\/www.rentmandel.it\\\/servizi\\\/noleggio-ebike\\\/\",\"name\":\"E-bike Mieten - Rent Mandel\",\"isPartOf\":{\"@id\":\"https:\\\/\\\/www.rentmandel.it\\\/#website\"},\"primaryImageOfPage\":{\"@id\":\"https:\\\/\\\/www.rentmandel.it\\\/servizi\\\/noleggio-ebike\\\/#primaryimage\"},\"image\":{\"@id\":\"https:\\\/\\\/www.rentmandel.it\\\/servizi\\\/noleggio-ebike\\\/#primaryimage\"},\"thumbnailUrl\":\"https:\\\/\\\/rentmandel.youelba.com\\\/wp-content\\\/uploads\\\/2024\\\/04\\\/bikefront-1200x800.jpg\",\"datePublished\":\"2024-04-10T13:20:54+00:00\",\"dateModified\":\"2024-05-13T06:40:15+00:00\",\"breadcrumb\":{\"@id\":\"https:\\\/\\\/www.rentmandel.it\\\/servizi\\\/noleggio-ebike\\\/#breadcrumb\"},\"inLanguage\":\"de\",\"potentialAction\":[{\"@type\":\"ReadAction\",\"target\":[\"https:\\\/\\\/www.rentmandel.it\\\/servizi\\\/noleggio-ebike\\\/\"]}]},{\"@type\":\"ImageObject\",\"inLanguage\":\"de\",\"@id\":\"https:\\\/\\\/www.rentmandel.it\\\/servizi\\\/noleggio-ebike\\\/#primaryimage\",\"url\":\"https:\\\/\\\/rentmandel.youelba.com\\\/wp-content\\\/uploads\\\/2024\\\/04\\\/bikefront-1200x800.jpg\",\"contentUrl\":\"https:\\\/\\\/rentmandel.youelba.com\\\/wp-content\\\/uploads\\\/2024\\\/04\\\/bikefront-1200x800.jpg\"},{\"@type\":\"BreadcrumbList\",\"@id\":\"https:\\\/\\\/www.rentmandel.it\\\/servizi\\\/noleggio-ebike\\\/#breadcrumb\",\"itemListElement\":[{\"@type\":\"ListItem\",\"position\":1,\"name\":\"Home\",\"item\":\"https:\\\/\\\/www.rentmandel.it\\\/de\\\/\"},{\"@type\":\"ListItem\",\"position\":2,\"name\":\"Dienstleistung\",\"item\":\"https:\\\/\\\/www.rentmandel.it\\\/servizi\\\/\"},{\"@type\":\"ListItem\",\"position\":3,\"name\":\"E-bike Mieten\"}]},{\"@type\":\"WebSite\",\"@id\":\"https:\\\/\\\/www.rentmandel.it\\\/#website\",\"url\":\"https:\\\/\\\/www.rentmandel.it\\\/\",\"name\":\"Rent Mandel\",\"description\":\"Numerosi servizi alla spiaggia di Morcone all&#039;Isola d&#039;Elba\",\"publisher\":{\"@id\":\"https:\\\/\\\/www.rentmandel.it\\\/#organization\"},\"potentialAction\":[{\"@type\":\"SearchAction\",\"target\":{\"@type\":\"EntryPoint\",\"urlTemplate\":\"https:\\\/\\\/www.rentmandel.it\\\/?s={search_term_string}\"},\"query-input\":{\"@type\":\"PropertyValueSpecification\",\"valueRequired\":true,\"valueName\":\"search_term_string\"}}],\"inLanguage\":\"de\"},{\"@type\":\"Organization\",\"@id\":\"https:\\\/\\\/www.rentmandel.it\\\/#organization\",\"name\":\"Rent Mandel\",\"url\":\"https:\\\/\\\/www.rentmandel.it\\\/\",\"logo\":{\"@type\":\"ImageObject\",\"inLanguage\":\"de\",\"@id\":\"https:\\\/\\\/www.rentmandel.it\\\/#\\\/schema\\\/logo\\\/image\\\/\",\"url\":\"https:\\\/\\\/www.rentmandel.it\\\/wp-content\\\/uploads\\\/2024\\\/04\\\/logo.png\",\"contentUrl\":\"https:\\\/\\\/www.rentmandel.it\\\/wp-content\\\/uploads\\\/2024\\\/04\\\/logo.png\",\"width\":300,\"height\":100,\"caption\":\"Rent Mandel\"},\"image\":{\"@id\":\"https:\\\/\\\/www.rentmandel.it\\\/#\\\/schema\\\/logo\\\/image\\\/\"}}]}<\/script>\n<!-- \/ Yoast SEO plugin. -->","yoast_head_json":{"title":"E-bike Mieten - Rent Mandel","robots":{"index":"index","follow":"follow","max-snippet":"max-snippet:-1","max-image-preview":"max-image-preview:large","max-video-preview":"max-video-preview:-1"},"canonical":"https:\/\/www.rentmandel.it\/servizi\/noleggio-ebike\/","og_locale":"de_DE","og_type":"article","og_title":"E-bike Mieten - Rent Mandel","og_description":"Miete dein E-Bike MTB Front 29&#8243; Aluminium-Vorderrad mit 29-Zoll-Laufradgr\u00f6\u00dfe. Trail-Geometrien f\u00fcr maximalen Spa\u00df auch bergab. SHIMANO Deore 12-V-Getriebe und 100-mm-Gabel. Batterie630 WhHydraulischen Scheibenbremsen5 Unterst\u00fctzungsstufenR\u00e4der 29&#8243; MTB [\u2026]","og_url":"https:\/\/www.rentmandel.it\/servizi\/noleggio-ebike\/","og_site_name":"Rent Mandel","article_modified_time":"2024-05-13T06:40:15+00:00","og_image":[{"url":"https:\/\/rentmandel.youelba.com\/wp-content\/uploads\/2024\/04\/bikefront-1200x800.jpg","type":"","width":"","height":""}],"twitter_card":"summary_large_image","schema":{"@context":"https:\/\/schema.org","@graph":[{"@type":"WebPage","@id":"https:\/\/www.rentmandel.it\/servizi\/noleggio-ebike\/","url":"https:\/\/www.rentmandel.it\/servizi\/noleggio-ebike\/","name":"E-bike Mieten - Rent Mandel","isPartOf":{"@id":"https:\/\/www.rentmandel.it\/#website"},"primaryImageOfPage":{"@id":"https:\/\/www.rentmandel.it\/servizi\/noleggio-ebike\/#primaryimage"},"image":{"@id":"https:\/\/www.rentmandel.it\/servizi\/noleggio-ebike\/#primaryimage"},"thumbnailUrl":"https:\/\/rentmandel.youelba.com\/wp-content\/uploads\/2024\/04\/bikefront-1200x800.jpg","datePublished":"2024-04-10T13:20:54+00:00","dateModified":"2024-05-13T06:40:15+00:00","breadcrumb":{"@id":"https:\/\/www.rentmandel.it\/servizi\/noleggio-ebike\/#breadcrumb"},"inLanguage":"de","potentialAction":[{"@type":"ReadAction","target":["https:\/\/www.rentmandel.it\/servizi\/noleggio-ebike\/"]}]},{"@type":"ImageObject","inLanguage":"de","@id":"https:\/\/www.rentmandel.it\/servizi\/noleggio-ebike\/#primaryimage","url":"https:\/\/rentmandel.youelba.com\/wp-content\/uploads\/2024\/04\/bikefront-1200x800.jpg","contentUrl":"https:\/\/rentmandel.youelba.com\/wp-content\/uploads\/2024\/04\/bikefront-1200x800.jpg"},{"@type":"BreadcrumbList","@id":"https:\/\/www.rentmandel.it\/servizi\/noleggio-ebike\/#breadcrumb","itemListElement":[{"@type":"ListItem","position":1,"name":"Home","item":"https:\/\/www.rentmandel.it\/de\/"},{"@type":"ListItem","position":2,"name":"Dienstleistung","item":"https:\/\/www.rentmandel.it\/servizi\/"},{"@type":"ListItem","position":3,"name":"E-bike Mieten"}]},{"@type":"WebSite","@id":"https:\/\/www.rentmandel.it\/#website","url":"https:\/\/www.rentmandel.it\/","name":"Rent Mandel","description":"Numerosi servizi alla spiaggia di Morcone all&#039;Isola d&#039;Elba","publisher":{"@id":"https:\/\/www.rentmandel.it\/#organization"},"potentialAction":[{"@type":"SearchAction","target":{"@type":"EntryPoint","urlTemplate":"https:\/\/www.rentmandel.it\/?s={search_term_string}"},"query-input":{"@type":"PropertyValueSpecification","valueRequired":true,"valueName":"search_term_string"}}],"inLanguage":"de"},{"@type":"Organization","@id":"https:\/\/www.rentmandel.it\/#organization","name":"Rent Mandel","url":"https:\/\/www.rentmandel.it\/","logo":{"@type":"ImageObject","inLanguage":"de","@id":"https:\/\/www.rentmandel.it\/#\/schema\/logo\/image\/","url":"https:\/\/www.rentmandel.it\/wp-content\/uploads\/2024\/04\/logo.png","contentUrl":"https:\/\/www.rentmandel.it\/wp-content\/uploads\/2024\/04\/logo.png","width":300,"height":100,"caption":"Rent Mandel"},"image":{"@id":"https:\/\/www.rentmandel.it\/#\/schema\/logo\/image\/"}}]}},"_links":{"self":[{"href":"https:\/\/www.rentmandel.it\/de\/wp-json\/wp\/v2\/pages\/1167","targetHints":{"allow":["GET"]}}],"collection":[{"href":"https:\/\/www.rentmandel.it\/de\/wp-json\/wp\/v2\/pages"}],"about":[{"href":"https:\/\/www.rentmandel.it\/de\/wp-json\/wp\/v2\/types\/page"}],"author":[{"embeddable":true,"href":"https:\/\/www.rentmandel.it\/de\/wp-json\/wp\/v2\/users\/1"}],"replies":[{"embeddable":true,"href":"https:\/\/www.rentmandel.it\/de\/wp-json\/wp\/v2\/comments?post=1167"}],"version-history":[{"count":5,"href":"https:\/\/www.rentmandel.it\/de\/wp-json\/wp\/v2\/pages\/1167\/revisions"}],"predecessor-version":[{"id":2102,"href":"https:\/\/www.rentmandel.it\/de\/wp-json\/wp\/v2\/pages\/1167\/revisions\/2102"}],"up":[{"embeddable":true,"href":"https:\/\/www.rentmandel.it\/de\/wp-json\/wp\/v2\/pages\/1157"}],"wp:attachment":[{"href":"https:\/\/www.rentmandel.it\/de\/wp-json\/wp\/v2\/media?parent=1167"}],"curies":[{"name":"wp","href":"https:\/\/api.w.org\/{rel}","templated":true}]}}