{"id":1171,"date":"2024-04-16T08:22:36","date_gmt":"2024-04-16T06:22:36","guid":{"rendered":"https:\/\/rentmandel.youelba.com\/servizi\/scuola-di-windsurf\/"},"modified":"2024-05-13T08:41:03","modified_gmt":"2024-05-13T06:41:03","slug":"windsurfing-schule","status":"publish","type":"page","link":"https:\/\/www.rentmandel.it\/de\/dienstleistung\/windsurfing-schule\/","title":{"rendered":"Windsurfing Schule"},"content":{"rendered":"\t\t<div data-elementor-type=\"wp-page\" data-elementor-id=\"1171\" class=\"elementor elementor-1171\">\n\t\t\t\t\t\t<section class=\"elementor-section elementor-top-section elementor-element elementor-element-75f61c9 elementor-section-stretched elementor-section-boxed elementor-section-height-default elementor-section-height-default\" data-id=\"75f61c9\" data-element_type=\"section\" data-e-type=\"section\" data-settings=\"{&quot;stretch_section&quot;:&quot;section-stretched&quot;}\">\n\t\t\t\t\t\t<div class=\"elementor-container elementor-column-gap-wider\">\n\t\t\t\t\t<div class=\"elementor-column elementor-col-100 elementor-top-column elementor-element elementor-element-222db53\" data-id=\"222db53\" data-element_type=\"column\" data-e-type=\"column\">\n\t\t\t<div class=\"elementor-widget-wrap elementor-element-populated\">\n\t\t\t\t\t\t<section class=\"elementor-section elementor-inner-section elementor-element elementor-element-98e99b9 elementor-section-boxed elementor-section-height-default elementor-section-height-default\" data-id=\"98e99b9\" data-element_type=\"section\" data-e-type=\"section\">\n\t\t\t\t\t\t<div class=\"elementor-container elementor-column-gap-wider\">\n\t\t\t\t\t<div class=\"elementor-column elementor-col-100 elementor-inner-column elementor-element elementor-element-0e03787\" data-id=\"0e03787\" data-element_type=\"column\" data-e-type=\"column\">\n\t\t\t<div class=\"elementor-widget-wrap elementor-element-populated\">\n\t\t\t\t\t\t<div class=\"elementor-element elementor-element-febf06b elementor-widget elementor-widget-text-editor\" data-id=\"febf06b\" data-element_type=\"widget\" data-e-type=\"widget\" data-widget_type=\"text-editor.default\">\n\t\t\t\t<div class=\"elementor-widget-container\">\n\t\t\t\t\t\t\t\t\t<h2>Windsurfing Schule<\/h2>\t\t\t\t\t\t\t\t<\/div>\n\t\t\t\t<\/div>\n\t\t\t\t<div class=\"elementor-element elementor-element-54e80d6 elementor-widget elementor-widget-text-editor\" data-id=\"54e80d6\" data-element_type=\"widget\" data-e-type=\"widget\" data-widget_type=\"text-editor.default\">\n\t\t\t\t<div class=\"elementor-widget-container\">\n\t\t\t\t\t\t\t\t\t<p>Die Windsurfschule Mandel 2 hilft dir, in die fantastische Welt des Windsurfens einzutreten und die richtigen Regeln und Techniken zu erlernen, um dein Windsurfen selbstst\u00e4ndig zu managen.<\/p><p>Anf\u00e4nger- und Fortgeschrittenenkurse am Vormittag oder Nachmittag durch qualifizierte Dozenten mit internationaler VDWS-Zertifizierung.<\/p>\t\t\t\t\t\t\t\t<\/div>\n\t\t\t\t<\/div>\n\t\t\t\t<div class=\"elementor-element elementor-element-6b23e2d elementor-widget elementor-widget-image\" data-id=\"6b23e2d\" data-element_type=\"widget\" data-e-type=\"widget\" data-widget_type=\"image.default\">\n\t\t\t\t<div class=\"elementor-widget-container\">\n\t\t\t\t\t\t\t\t\t\t\t\t\t\t\t\t<a href=\"https:\/\/www.vdws.de\/it\/\" target=\"_blank\">\n\t\t\t\t\t\t\t<img decoding=\"async\" width=\"300\" height=\"152\" src=\"https:\/\/www.rentmandel.it\/wp-content\/uploads\/2024\/04\/vdws-300x152.png\" class=\"attachment-thumbnail size-thumbnail wp-image-808\" alt=\"\" srcset=\"https:\/\/www.rentmandel.it\/wp-content\/uploads\/2024\/04\/vdws-300x152.png 300w, https:\/\/www.rentmandel.it\/wp-content\/uploads\/2024\/04\/vdws-148x75.png 148w, https:\/\/www.rentmandel.it\/wp-content\/uploads\/2024\/04\/vdws-480x244.png 480w, https:\/\/www.rentmandel.it\/wp-content\/uploads\/2024\/04\/vdws.png 500w\" sizes=\"(max-width:767px) 300px, 300px\" \/>\t\t\t\t\t\t\t\t<\/a>\n\t\t\t\t\t\t\t\t\t\t\t\t\t\t\t<\/div>\n\t\t\t\t<\/div>\n\t\t\t\t<div class=\"elementor-element elementor-element-11e4203 elementor-widget elementor-widget-text-editor\" data-id=\"11e4203\" data-element_type=\"widget\" data-e-type=\"widget\" data-widget_type=\"text-editor.default\">\n\t\t\t\t<div class=\"elementor-widget-container\">\n\t\t\t\t\t\t\t\t\t<p>Das Ihnen erteilte Patent ist weltweit g\u00fcltig.<br \/><br \/>Nach einer theoretischen und praktischen Pr\u00fcfung.<br \/><br \/>Der Unterricht kann in Gruppen von bis zu sechs Sch\u00fclern stattfinden.<br \/><br \/>Den Kurs, der am besten zu deinen Bed\u00fcrfnissen passt, kannst du diesem Sport zum ersten Mal n\u00e4hern oder deine F\u00e4higkeiten verbessern. Die Kinderkurse sind so konzipiert, dass sie den Gang und die Formationen Seefahrt beginnen.<br \/><br \/>Die Kurse sind f\u00fcr Lernphasen konzipiert, um einen ausgewogenen Weg und den bestm\u00f6glichen Verlauf je nach Abflugebene und individuellen Pr\u00e4dispositionen zu gew\u00e4hrleisten, bis Sie in perfekter Autonomie navigieren.<\/p>\t\t\t\t\t\t\t\t<\/div>\n\t\t\t\t<\/div>\n\t\t\t\t<div class=\"elementor-element elementor-element-9d0f0f5 elementor-widget elementor-widget-text-editor\" data-id=\"9d0f0f5\" data-element_type=\"widget\" data-e-type=\"widget\" data-widget_type=\"text-editor.default\">\n\t\t\t\t<div class=\"elementor-widget-container\">\n\t\t\t\t\t\t\t\t\tKinderkurse\t\t\t\t\t\t\t\t<\/div>\n\t\t\t\t<\/div>\n\t\t\t\t<div class=\"elementor-element elementor-element-78824cf elementor-widget elementor-widget-text-editor\" data-id=\"78824cf\" data-element_type=\"widget\" data-e-type=\"widget\" data-widget_type=\"text-editor.default\">\n\t\t\t\t<div class=\"elementor-widget-container\">\n\t\t\t\t\t\t\t\t\tSpielen und die Grundtechniken anwenden und die fantastischen Emotionen entdecken, die dieser Sport bietet.\n<h5>6\/10 Jahre Kurs<\/h5>\nNo. 4 Lektionen \u00e0 30 Minuten\nKosten \u20ac 100\n<h5>10\/14 Jahre Kurs<\/h5>\nNo. 4 Lektionen pro Stunde.\nKosten \u20ac 140\t\t\t\t\t\t\t\t<\/div>\n\t\t\t\t<\/div>\n\t\t\t\t<div class=\"elementor-element elementor-element-45eee65 elementor-widget elementor-widget-text-editor\" data-id=\"45eee65\" data-element_type=\"widget\" data-e-type=\"widget\" data-widget_type=\"text-editor.default\">\n\t\t\t\t<div class=\"elementor-widget-container\">\n\t\t\t\t\t\t\t\t\tErwachsenenkurse\t\t\t\t\t\t\t\t<\/div>\n\t\t\t\t<\/div>\n\t\t\t\t<div class=\"elementor-element elementor-element-9692b48 elementor-widget elementor-widget-text-editor\" data-id=\"9692b48\" data-element_type=\"widget\" data-e-type=\"widget\" data-widget_type=\"text-editor.default\">\n\t\t\t\t<div class=\"elementor-widget-container\">\n\t\t\t\t\t\t\t\t\t<h5>Testparcours<\/h5>\nLetzte Zeit 1 Stunde und 30 Minuten\nKosten: \u20ac 50\n<h5>Anf\u00e4ngerkurs<\/h5>\n<h5><b>Grundkurs <\/b><\/h5>\nNr. 4 Lektionen von eineinhalb Stunden \u20ac 190\n<h5><b>Kurs plus e refresh<\/b><\/h5>\nNr. 4 Lektionen von eineinhalb Stunden + nein. 4 Stunden Miete \u20ac 220\n<h5><b>Intensivkurs<\/b><\/h5>\nNr. 10 Stunden Unterricht von eineinhalb Stunden + nein. 10 Stunden Miete \u20ac 325\t\t\t\t\t\t\t\t<\/div>\n\t\t\t\t<\/div>\n\t\t\t\t\t<\/div>\n\t\t<\/div>\n\t\t\t\t\t<\/div>\n\t\t<\/section>\n\t\t\t\t<section class=\"elementor-section elementor-inner-section elementor-element elementor-element-736453f elementor-section-boxed elementor-section-height-default elementor-section-height-default\" data-id=\"736453f\" data-element_type=\"section\" data-e-type=\"section\">\n\t\t\t\t\t\t<div class=\"elementor-container elementor-column-gap-wider\">\n\t\t\t\t\t<div class=\"elementor-column elementor-col-100 elementor-inner-column elementor-element elementor-element-707e744\" data-id=\"707e744\" data-element_type=\"column\" data-e-type=\"column\">\n\t\t\t<div class=\"elementor-widget-wrap elementor-element-populated\">\n\t\t\t\t\t\t<div class=\"elementor-element elementor-element-773aaee elementor-widget elementor-widget-text-editor\" data-id=\"773aaee\" data-element_type=\"widget\" data-e-type=\"widget\" data-widget_type=\"text-editor.default\">\n\t\t\t\t<div class=\"elementor-widget-container\">\n\t\t\t\t\t\t\t\t\t<h3>Preisliste<\/h3>\n<h5><strong>Patentino international mit Pr\u00fcfung<\/strong>\u00a0\u20ac 30<\/h5>\t\t\t\t\t\t\t\t<\/div>\n\t\t\t\t<\/div>\n\t\t\t\t<div class=\"elementor-element elementor-element-0495142 elementor-widget elementor-widget-html\" data-id=\"0495142\" data-element_type=\"widget\" data-e-type=\"widget\" data-widget_type=\"html.default\">\n\t\t\t\t<div class=\"elementor-widget-container\">\n\t\t\t\t\t<table>\r\n<tbody>\r\n<tr>\r\n<th colspan=\"\">Windsurfverleih<\/th>\r\n<th colspan=\"\">1h<\/th>\r\n<th colspan=\"\">2h<\/th>\r\n<th colspan=\"\">3h<\/th>\r\n<th colspan=\"\">4h<\/th>\r\n<\/tr>\r\n<tr>\r\n<td><strong>Base<\/strong><\/td>\r\n<td>\u20ac 16<\/td><td>\u20ac 28<\/td>\r\n<td>\u20ac 36<\/td>\r\n<td>\u20ac 48<\/td>\r\n<\/tr>\r\n\r\n<tr>\r\n<td><strong>Advanced<\/strong><\/td>\r\n<td>\u20ac 20<\/td>\r\n<td>\u20ac 38<\/td>\r\n<td>\u20ac 50<\/td>\r\n<td>\u20ac 60<\/td>\r\n\r\n<\/tr>\r\n\r\n<\/tbody>\r\n<\/table>\t\t\t\t<\/div>\n\t\t\t\t<\/div>\n\t\t\t\t<div class=\"elementor-element elementor-element-5bad14b elementor-widget elementor-widget-text-editor\" data-id=\"5bad14b\" data-element_type=\"widget\" data-e-type=\"widget\" data-widget_type=\"text-editor.default\">\n\t\t\t\t<div class=\"elementor-widget-container\">\n\t\t\t\t\t\t\t\t\t<h5><strong>Kurzmiete  <\/strong>1h \u20ac 2<\/h5>\n<h5><strong>Trapezmiete <\/strong>\u00a01 h \u20ac 2<\/h5>\n<h5><strong>Optionale Versicherung<\/strong>\u00a0\u20ac 39  Jahre alles inklusive<\/h5>\t\t\t\t\t\t\t\t<\/div>\n\t\t\t\t<\/div>\n\t\t\t\t\t<\/div>\n\t\t<\/div>\n\t\t\t\t\t<\/div>\n\t\t<\/section>\n\t\t\t\t\t<\/div>\n\t\t<\/div>\n\t\t\t\t\t<\/div>\n\t\t<\/section>\n\t\t\t\t<section class=\"elementor-section elementor-top-section elementor-element elementor-element-5973508c elementor-section-stretched elementor-section-full_width elementor-section-height-default elementor-section-height-default\" data-id=\"5973508c\" data-element_type=\"section\" data-e-type=\"section\" data-settings=\"{&quot;stretch_section&quot;:&quot;section-stretched&quot;,&quot;background_background&quot;:&quot;classic&quot;}\">\n\t\t\t\t\t\t<div class=\"elementor-container elementor-column-gap-wider\">\n\t\t\t\t\t<div class=\"elementor-column elementor-col-100 elementor-top-column elementor-element elementor-element-41cca052\" data-id=\"41cca052\" data-element_type=\"column\" data-e-type=\"column\">\n\t\t\t<div class=\"elementor-widget-wrap elementor-element-populated\">\n\t\t\t\t\t\t<section class=\"elementor-section elementor-inner-section elementor-element elementor-element-66f1838d elementor-section-full_width elementor-section-height-default elementor-section-height-default\" data-id=\"66f1838d\" data-element_type=\"section\" data-e-type=\"section\">\n\t\t\t\t\t\t<div class=\"elementor-container elementor-column-gap-no\">\n\t\t\t\t\t<div class=\"elementor-column elementor-col-100 elementor-inner-column elementor-element elementor-element-61a7a03e\" data-id=\"61a7a03e\" data-element_type=\"column\" data-e-type=\"column\">\n\t\t\t<div class=\"elementor-widget-wrap elementor-element-populated\">\n\t\t\t\t\t\t<div class=\"elementor-element elementor-element-4c7f8312 elementor-widget elementor-widget-heading\" data-id=\"4c7f8312\" data-element_type=\"widget\" data-e-type=\"widget\" data-widget_type=\"heading.default\">\n\t\t\t\t<div class=\"elementor-widget-container\">\n\t\t\t\t\t<h2 class=\"elementor-heading-title elementor-size-default\">Dienstleistung<\/h2>\t\t\t\t<\/div>\n\t\t\t\t<\/div>\n\t\t\t\t<div class=\"elementor-element elementor-element-22c155e3 elementor-widget elementor-widget-mfn_slider\" data-id=\"22c155e3\" data-element_type=\"widget\" data-e-type=\"widget\" data-widget_type=\"mfn_slider.default\">\n\t\t\t\t<div class=\"elementor-widget-container\">\n\t\t\t\t\t<div class=\"content_slider carousel\"><ul class=\"content_slider_ul\"><li class=\"content_slider_li content_slider_li_1\"><a href=\"\/de\/dienstleistung\/boot-mieten\/\" ><img fetchpriority=\"high\" decoding=\"async\" width=\"1200\" height=\"860\" src=\"https:\/\/www.rentmandel.it\/wp-content\/uploads\/2024\/05\/slider_1-1200x860.jpg\" class=\"scale-with-grid wp-post-image\" alt=\"\" \/><p class=\"title \">Boot Mieten<\/p><\/a><\/li><li class=\"content_slider_li content_slider_li_2\"><a href=\"\/de\/dienstleistung\/ebike-mieten\/\" ><img decoding=\"async\" width=\"1200\" height=\"860\" src=\"https:\/\/www.rentmandel.it\/wp-content\/uploads\/2024\/05\/slider_2-1200x860.jpg\" class=\"scale-with-grid wp-post-image\" alt=\"\" \/><p class=\"title \">E-bike Mieten<\/p><\/a><\/li><li class=\"content_slider_li content_slider_li_3\"><a href=\"\/de\/dienstleistung\/badeanstalt\" ><img loading=\"lazy\" decoding=\"async\" width=\"1200\" height=\"860\" src=\"https:\/\/www.rentmandel.it\/wp-content\/uploads\/2024\/05\/slider_9-1200x860.jpg\" class=\"scale-with-grid wp-post-image\" alt=\"\" \/><p class=\"title \">Badeanstalt<\/p><\/a><\/li><li class=\"content_slider_li content_slider_li_4\"><a href=\"\/de\/dienstleistung\/strandbar\/\" ><img loading=\"lazy\" decoding=\"async\" width=\"1200\" height=\"860\" src=\"https:\/\/www.rentmandel.it\/wp-content\/uploads\/2024\/05\/slider_4-1200x860.jpg\" class=\"scale-with-grid wp-post-image\" alt=\"\" \/><p class=\"title \">Strandbar<\/p><\/a><\/li><li class=\"content_slider_li content_slider_li_5\"><a href=\"\/de\/dienstleistung\/windsurfing-schule\/\" ><img loading=\"lazy\" decoding=\"async\" width=\"1200\" height=\"860\" src=\"https:\/\/www.rentmandel.it\/wp-content\/uploads\/2024\/05\/slider_10-1200x860.jpg\" class=\"scale-with-grid wp-post-image\" alt=\"\" \/><p class=\"title \">Windsurfing Schule<\/p><\/a><\/li><li class=\"content_slider_li content_slider_li_6\"><a href=\"\/de\/dienstleistung\/tauchen\/\" ><img loading=\"lazy\" decoding=\"async\" width=\"1200\" height=\"860\" src=\"https:\/\/www.rentmandel.it\/wp-content\/uploads\/2024\/05\/slider_6-1200x860.jpg\" class=\"scale-with-grid wp-post-image\" alt=\"\" \/><p class=\"title \">Tauchen<\/p><\/a><\/li><li class=\"content_slider_li content_slider_li_7\"><a href=\"\/de\/dienstleistung\/gefuehrte-exkursionen\/\" ><img loading=\"lazy\" decoding=\"async\" width=\"1200\" height=\"860\" src=\"https:\/\/www.rentmandel.it\/wp-content\/uploads\/2024\/05\/slider_3-1200x860.jpg\" class=\"scale-with-grid wp-post-image\" alt=\"\" \/><p class=\"title \">Gef\u00fchrte Exkursionen<\/p><\/a><\/li><li class=\"content_slider_li content_slider_li_8\"><a href=\"\/de\/dienstleistung\/miniclub\/\" ><img loading=\"lazy\" decoding=\"async\" width=\"1200\" height=\"860\" src=\"https:\/\/www.rentmandel.it\/wp-content\/uploads\/2024\/05\/slider_8-1200x860.jpg\" class=\"scale-with-grid wp-post-image\" alt=\"\" \/><p class=\"title \">Miniclub<\/p><\/a><\/li><li class=\"content_slider_li content_slider_li_9\"><a href=\"#\" ><img loading=\"lazy\" decoding=\"async\" width=\"1199\" height=\"860\" src=\"https:\/\/www.rentmandel.it\/wp-content\/uploads\/2026\/04\/mandel-e-mandel2-varie-3444-1199x860.jpg\" class=\"scale-with-grid wp-post-image\" alt=\"\" \/><p class=\"title \">Hydro Bike<\/p><\/a><\/li><\/ul><div class=\"slider_pager slider_pagination\"><\/div><\/div>\n\t\t\t\t<\/div>\n\t\t\t\t<\/div>\n\t\t\t\t\t<\/div>\n\t\t<\/div>\n\t\t\t\t\t<\/div>\n\t\t<\/section>\n\t\t\t\t\t<\/div>\n\t\t<\/div>\n\t\t\t\t\t<\/div>\n\t\t<\/section>\n\t\t\t\t<\/div>\n\t\t","protected":false},"excerpt":{"rendered":"<p>Windsurfing Schule Die Windsurfschule Mandel 2 hilft dir, in die fantastische Welt des Windsurfens einzutreten und die richtigen Regeln und Techniken zu erlernen, um dein Windsurfen<span class=\"excerpt-hellip\"> [\u2026]<\/span><\/p>\n","protected":false},"author":1,"featured_media":0,"parent":1157,"menu_order":0,"comment_status":"open","ping_status":"closed","template":"","meta":{"footnotes":""},"class_list":["post-1171","page","type-page","status-publish","hentry"],"yoast_head":"<!-- This site is optimized with the Yoast SEO plugin v27.3 - https:\/\/yoast.com\/product\/yoast-seo-wordpress\/ -->\n<title>Windsurfing Schule - Rent Mandel<\/title>\n<meta name=\"robots\" content=\"index, follow, max-snippet:-1, max-image-preview:large, max-video-preview:-1\" \/>\n<link rel=\"canonical\" href=\"https:\/\/www.rentmandel.it\/servizi\/scuola-di-windsurf\/\" \/>\n<meta property=\"og:locale\" content=\"de_DE\" \/>\n<meta property=\"og:type\" content=\"article\" \/>\n<meta property=\"og:title\" content=\"Windsurfing Schule - Rent Mandel\" \/>\n<meta property=\"og:description\" content=\"Windsurfing Schule Die Windsurfschule Mandel 2 hilft dir, in die fantastische Welt des Windsurfens einzutreten und die richtigen Regeln und Techniken zu erlernen, um dein Windsurfen [\u2026]\" \/>\n<meta property=\"og:url\" content=\"https:\/\/www.rentmandel.it\/servizi\/scuola-di-windsurf\/\" \/>\n<meta property=\"og:site_name\" content=\"Rent Mandel\" \/>\n<meta property=\"article:modified_time\" content=\"2024-05-13T06:41:03+00:00\" \/>\n<meta property=\"og:image\" content=\"https:\/\/rentmandel.youelba.com\/wp-content\/uploads\/2024\/04\/vdws-300x152.png\" \/>\n<meta name=\"twitter:card\" content=\"summary_large_image\" \/>\n<meta name=\"twitter:label1\" content=\"Gesch\u00e4tzte Lesezeit\" \/>\n\t<meta name=\"twitter:data1\" content=\"1\u00a0Minute\" \/>\n<script type=\"application\/ld+json\" class=\"yoast-schema-graph\">{\"@context\":\"https:\\\/\\\/schema.org\",\"@graph\":[{\"@type\":\"WebPage\",\"@id\":\"https:\\\/\\\/www.rentmandel.it\\\/servizi\\\/scuola-di-windsurf\\\/\",\"url\":\"https:\\\/\\\/www.rentmandel.it\\\/servizi\\\/scuola-di-windsurf\\\/\",\"name\":\"Windsurfing Schule - Rent Mandel\",\"isPartOf\":{\"@id\":\"https:\\\/\\\/www.rentmandel.it\\\/#website\"},\"primaryImageOfPage\":{\"@id\":\"https:\\\/\\\/www.rentmandel.it\\\/servizi\\\/scuola-di-windsurf\\\/#primaryimage\"},\"image\":{\"@id\":\"https:\\\/\\\/www.rentmandel.it\\\/servizi\\\/scuola-di-windsurf\\\/#primaryimage\"},\"thumbnailUrl\":\"https:\\\/\\\/rentmandel.youelba.com\\\/wp-content\\\/uploads\\\/2024\\\/04\\\/vdws-300x152.png\",\"datePublished\":\"2024-04-16T06:22:36+00:00\",\"dateModified\":\"2024-05-13T06:41:03+00:00\",\"breadcrumb\":{\"@id\":\"https:\\\/\\\/www.rentmandel.it\\\/servizi\\\/scuola-di-windsurf\\\/#breadcrumb\"},\"inLanguage\":\"de\",\"potentialAction\":[{\"@type\":\"ReadAction\",\"target\":[\"https:\\\/\\\/www.rentmandel.it\\\/servizi\\\/scuola-di-windsurf\\\/\"]}]},{\"@type\":\"ImageObject\",\"inLanguage\":\"de\",\"@id\":\"https:\\\/\\\/www.rentmandel.it\\\/servizi\\\/scuola-di-windsurf\\\/#primaryimage\",\"url\":\"https:\\\/\\\/rentmandel.youelba.com\\\/wp-content\\\/uploads\\\/2024\\\/04\\\/vdws-300x152.png\",\"contentUrl\":\"https:\\\/\\\/rentmandel.youelba.com\\\/wp-content\\\/uploads\\\/2024\\\/04\\\/vdws-300x152.png\"},{\"@type\":\"BreadcrumbList\",\"@id\":\"https:\\\/\\\/www.rentmandel.it\\\/servizi\\\/scuola-di-windsurf\\\/#breadcrumb\",\"itemListElement\":[{\"@type\":\"ListItem\",\"position\":1,\"name\":\"Home\",\"item\":\"https:\\\/\\\/www.rentmandel.it\\\/de\\\/\"},{\"@type\":\"ListItem\",\"position\":2,\"name\":\"Dienstleistung\",\"item\":\"https:\\\/\\\/www.rentmandel.it\\\/servizi\\\/\"},{\"@type\":\"ListItem\",\"position\":3,\"name\":\"Windsurfing Schule\"}]},{\"@type\":\"WebSite\",\"@id\":\"https:\\\/\\\/www.rentmandel.it\\\/#website\",\"url\":\"https:\\\/\\\/www.rentmandel.it\\\/\",\"name\":\"Rent Mandel\",\"description\":\"Numerosi servizi alla spiaggia di Morcone all&#039;Isola d&#039;Elba\",\"publisher\":{\"@id\":\"https:\\\/\\\/www.rentmandel.it\\\/#organization\"},\"potentialAction\":[{\"@type\":\"SearchAction\",\"target\":{\"@type\":\"EntryPoint\",\"urlTemplate\":\"https:\\\/\\\/www.rentmandel.it\\\/?s={search_term_string}\"},\"query-input\":{\"@type\":\"PropertyValueSpecification\",\"valueRequired\":true,\"valueName\":\"search_term_string\"}}],\"inLanguage\":\"de\"},{\"@type\":\"Organization\",\"@id\":\"https:\\\/\\\/www.rentmandel.it\\\/#organization\",\"name\":\"Rent Mandel\",\"url\":\"https:\\\/\\\/www.rentmandel.it\\\/\",\"logo\":{\"@type\":\"ImageObject\",\"inLanguage\":\"de\",\"@id\":\"https:\\\/\\\/www.rentmandel.it\\\/#\\\/schema\\\/logo\\\/image\\\/\",\"url\":\"https:\\\/\\\/www.rentmandel.it\\\/wp-content\\\/uploads\\\/2024\\\/04\\\/logo.png\",\"contentUrl\":\"https:\\\/\\\/www.rentmandel.it\\\/wp-content\\\/uploads\\\/2024\\\/04\\\/logo.png\",\"width\":300,\"height\":100,\"caption\":\"Rent Mandel\"},\"image\":{\"@id\":\"https:\\\/\\\/www.rentmandel.it\\\/#\\\/schema\\\/logo\\\/image\\\/\"}}]}<\/script>\n<!-- \/ Yoast SEO plugin. -->","yoast_head_json":{"title":"Windsurfing Schule - Rent Mandel","robots":{"index":"index","follow":"follow","max-snippet":"max-snippet:-1","max-image-preview":"max-image-preview:large","max-video-preview":"max-video-preview:-1"},"canonical":"https:\/\/www.rentmandel.it\/servizi\/scuola-di-windsurf\/","og_locale":"de_DE","og_type":"article","og_title":"Windsurfing Schule - Rent Mandel","og_description":"Windsurfing Schule Die Windsurfschule Mandel 2 hilft dir, in die fantastische Welt des Windsurfens einzutreten und die richtigen Regeln und Techniken zu erlernen, um dein Windsurfen [\u2026]","og_url":"https:\/\/www.rentmandel.it\/servizi\/scuola-di-windsurf\/","og_site_name":"Rent Mandel","article_modified_time":"2024-05-13T06:41:03+00:00","og_image":[{"url":"https:\/\/rentmandel.youelba.com\/wp-content\/uploads\/2024\/04\/vdws-300x152.png","type":"","width":"","height":""}],"twitter_card":"summary_large_image","twitter_misc":{"Gesch\u00e4tzte Lesezeit":"1\u00a0Minute"},"schema":{"@context":"https:\/\/schema.org","@graph":[{"@type":"WebPage","@id":"https:\/\/www.rentmandel.it\/servizi\/scuola-di-windsurf\/","url":"https:\/\/www.rentmandel.it\/servizi\/scuola-di-windsurf\/","name":"Windsurfing Schule - Rent Mandel","isPartOf":{"@id":"https:\/\/www.rentmandel.it\/#website"},"primaryImageOfPage":{"@id":"https:\/\/www.rentmandel.it\/servizi\/scuola-di-windsurf\/#primaryimage"},"image":{"@id":"https:\/\/www.rentmandel.it\/servizi\/scuola-di-windsurf\/#primaryimage"},"thumbnailUrl":"https:\/\/rentmandel.youelba.com\/wp-content\/uploads\/2024\/04\/vdws-300x152.png","datePublished":"2024-04-16T06:22:36+00:00","dateModified":"2024-05-13T06:41:03+00:00","breadcrumb":{"@id":"https:\/\/www.rentmandel.it\/servizi\/scuola-di-windsurf\/#breadcrumb"},"inLanguage":"de","potentialAction":[{"@type":"ReadAction","target":["https:\/\/www.rentmandel.it\/servizi\/scuola-di-windsurf\/"]}]},{"@type":"ImageObject","inLanguage":"de","@id":"https:\/\/www.rentmandel.it\/servizi\/scuola-di-windsurf\/#primaryimage","url":"https:\/\/rentmandel.youelba.com\/wp-content\/uploads\/2024\/04\/vdws-300x152.png","contentUrl":"https:\/\/rentmandel.youelba.com\/wp-content\/uploads\/2024\/04\/vdws-300x152.png"},{"@type":"BreadcrumbList","@id":"https:\/\/www.rentmandel.it\/servizi\/scuola-di-windsurf\/#breadcrumb","itemListElement":[{"@type":"ListItem","position":1,"name":"Home","item":"https:\/\/www.rentmandel.it\/de\/"},{"@type":"ListItem","position":2,"name":"Dienstleistung","item":"https:\/\/www.rentmandel.it\/servizi\/"},{"@type":"ListItem","position":3,"name":"Windsurfing Schule"}]},{"@type":"WebSite","@id":"https:\/\/www.rentmandel.it\/#website","url":"https:\/\/www.rentmandel.it\/","name":"Rent Mandel","description":"Numerosi servizi alla spiaggia di Morcone all&#039;Isola d&#039;Elba","publisher":{"@id":"https:\/\/www.rentmandel.it\/#organization"},"potentialAction":[{"@type":"SearchAction","target":{"@type":"EntryPoint","urlTemplate":"https:\/\/www.rentmandel.it\/?s={search_term_string}"},"query-input":{"@type":"PropertyValueSpecification","valueRequired":true,"valueName":"search_term_string"}}],"inLanguage":"de"},{"@type":"Organization","@id":"https:\/\/www.rentmandel.it\/#organization","name":"Rent Mandel","url":"https:\/\/www.rentmandel.it\/","logo":{"@type":"ImageObject","inLanguage":"de","@id":"https:\/\/www.rentmandel.it\/#\/schema\/logo\/image\/","url":"https:\/\/www.rentmandel.it\/wp-content\/uploads\/2024\/04\/logo.png","contentUrl":"https:\/\/www.rentmandel.it\/wp-content\/uploads\/2024\/04\/logo.png","width":300,"height":100,"caption":"Rent Mandel"},"image":{"@id":"https:\/\/www.rentmandel.it\/#\/schema\/logo\/image\/"}}]}},"_links":{"self":[{"href":"https:\/\/www.rentmandel.it\/de\/wp-json\/wp\/v2\/pages\/1171","targetHints":{"allow":["GET"]}}],"collection":[{"href":"https:\/\/www.rentmandel.it\/de\/wp-json\/wp\/v2\/pages"}],"about":[{"href":"https:\/\/www.rentmandel.it\/de\/wp-json\/wp\/v2\/types\/page"}],"author":[{"embeddable":true,"href":"https:\/\/www.rentmandel.it\/de\/wp-json\/wp\/v2\/users\/1"}],"replies":[{"embeddable":true,"href":"https:\/\/www.rentmandel.it\/de\/wp-json\/wp\/v2\/comments?post=1171"}],"version-history":[{"count":5,"href":"https:\/\/www.rentmandel.it\/de\/wp-json\/wp\/v2\/pages\/1171\/revisions"}],"predecessor-version":[{"id":2021,"href":"https:\/\/www.rentmandel.it\/de\/wp-json\/wp\/v2\/pages\/1171\/revisions\/2021"}],"up":[{"embeddable":true,"href":"https:\/\/www.rentmandel.it\/de\/wp-json\/wp\/v2\/pages\/1157"}],"wp:attachment":[{"href":"https:\/\/www.rentmandel.it\/de\/wp-json\/wp\/v2\/media?parent=1171"}],"curies":[{"name":"wp","href":"https:\/\/api.w.org\/{rel}","templated":true}]}}