{"id":1173,"date":"2024-04-09T08:49:39","date_gmt":"2024-04-09T06:49:39","guid":{"rendered":"https:\/\/rentmandel.youelba.com\/servizi\/stabilimento\/"},"modified":"2024-05-13T08:39:57","modified_gmt":"2024-05-13T06:39:57","slug":"badeanstalt","status":"publish","type":"page","link":"https:\/\/www.rentmandel.it\/de\/dienstleistung\/badeanstalt\/","title":{"rendered":"Badeanstalt"},"content":{"rendered":"\t\t<div data-elementor-type=\"wp-page\" data-elementor-id=\"1173\" class=\"elementor elementor-1173\">\n\t\t\t\t\t\t<section class=\"elementor-section elementor-top-section elementor-element elementor-element-75f61c9 elementor-section-stretched elementor-section-boxed elementor-section-height-default elementor-section-height-default\" data-id=\"75f61c9\" data-element_type=\"section\" data-e-type=\"section\" data-settings=\"{&quot;stretch_section&quot;:&quot;section-stretched&quot;}\">\n\t\t\t\t\t\t<div class=\"elementor-container elementor-column-gap-wider\">\n\t\t\t\t\t<div class=\"elementor-column elementor-col-100 elementor-top-column elementor-element elementor-element-222db53\" data-id=\"222db53\" data-element_type=\"column\" data-e-type=\"column\">\n\t\t\t<div class=\"elementor-widget-wrap elementor-element-populated\">\n\t\t\t\t\t\t<section class=\"elementor-section elementor-inner-section elementor-element elementor-element-98e99b9 elementor-section-boxed elementor-section-height-default elementor-section-height-default\" data-id=\"98e99b9\" data-element_type=\"section\" data-e-type=\"section\">\n\t\t\t\t\t\t<div class=\"elementor-container elementor-column-gap-wider\">\n\t\t\t\t\t<div class=\"elementor-column elementor-col-100 elementor-inner-column elementor-element elementor-element-0e03787\" data-id=\"0e03787\" data-element_type=\"column\" data-e-type=\"column\">\n\t\t\t<div class=\"elementor-widget-wrap elementor-element-populated\">\n\t\t\t\t\t\t<div class=\"elementor-element elementor-element-febf06b elementor-widget elementor-widget-text-editor\" data-id=\"febf06b\" data-element_type=\"widget\" data-e-type=\"widget\" data-widget_type=\"text-editor.default\">\n\t\t\t\t<div class=\"elementor-widget-container\">\n\t\t\t\t\t\t\t\t\t<h2>Badeanstalt<\/h2>\t\t\t\t\t\t\t\t<\/div>\n\t\t\t\t<\/div>\n\t\t\t\t<div class=\"elementor-element elementor-element-54e80d6 elementor-widget elementor-widget-text-editor\" data-id=\"54e80d6\" data-element_type=\"widget\" data-e-type=\"widget\" data-widget_type=\"text-editor.default\">\n\t\t\t\t<div class=\"elementor-widget-container\">\n\t\t\t\t\t\t\t\t\t<p>Unsere Badeanstalt ist die einzige mit <strong>3 Seesternen<\/strong>: das Maximum an Exzellenz, das f\u00fcr eine Einrichtung erreichbar ist.<\/p><p>Die Einrichtung besteht aus einem Teil des Strandes vor dem Ufer mit 5 Reihen von Sonnenschirmen und einer erh\u00f6hten Terrasse mit einem privilegierten Blick auf das Meer, in der N\u00e4he der sch\u00f6nen Palmen, die die sch\u00f6ne Umgebung der Bucht von Morcone bilden.<\/p><p>Das typische Beispiel f\u00fcr die Vermietung, das wir Ihnen anbieten k\u00f6nnen, ist ein Sonnenschirm und zwei Sonnenliegen f\u00fcr den Strand, w\u00e4hrend auf der Terrasse die Komposition einen Sonnenschirm, zwei Liegest\u00fchle und eine Sonnenbank bereitstellt. In jedem Fall stehen wir Ihnen f\u00fcr jeden Bedarf zur Verf\u00fcgung.<\/p><p>Preise variieren je nach Zeile und Ort und Zeitraum.<\/p><p><u><em>Im Falle ung\u00fcnstiger Witterungsbedingungen werden geleistete Vertr\u00e4ge und Zahlungen nicht zur\u00fcckerstattet.<\/em><\/u><\/p>\t\t\t\t\t\t\t\t<\/div>\n\t\t\t\t<\/div>\n\t\t\t\t<div class=\"elementor-element elementor-element-9d0f0f5 elementor-widget elementor-widget-text-editor\" data-id=\"9d0f0f5\" data-element_type=\"widget\" data-e-type=\"widget\" data-widget_type=\"text-editor.default\">\n\t\t\t\t<div class=\"elementor-widget-container\">\n\t\t\t\t\t\t\t\t\t<p>Buchen Sie jetzt Ihren Platz am Strand:<\/p>\t\t\t\t\t\t\t\t<\/div>\n\t\t\t\t<\/div>\n\t\t\t\t<div class=\"elementor-element elementor-element-c0e26f2 elementor-widget elementor-widget-button\" data-id=\"c0e26f2\" data-element_type=\"widget\" data-e-type=\"widget\" data-widget_type=\"button.default\">\n\t\t\t\t<div class=\"elementor-widget-container\">\n\t\t\t\t\t\t\t\t\t<div class=\"elementor-button-wrapper\">\n\t\t\t\t\t<a class=\"elementor-button elementor-button-link elementor-size-sm\" href=\"\/de\/buchen\">\n\t\t\t\t\t\t<span class=\"elementor-button-content-wrapper\">\n\t\t\t\t\t\t\t\t\t<span class=\"elementor-button-text\">BUCHEN<\/span>\n\t\t\t\t\t<\/span>\n\t\t\t\t\t<\/a>\n\t\t\t\t<\/div>\n\t\t\t\t\t\t\t\t<\/div>\n\t\t\t\t<\/div>\n\t\t\t\t\t<\/div>\n\t\t<\/div>\n\t\t\t\t\t<\/div>\n\t\t<\/section>\n\t\t\t\t<section class=\"elementor-section elementor-inner-section elementor-element elementor-element-736453f elementor-section-boxed elementor-section-height-default elementor-section-height-default\" data-id=\"736453f\" data-element_type=\"section\" data-e-type=\"section\">\n\t\t\t\t\t\t<div class=\"elementor-container elementor-column-gap-wider\">\n\t\t\t\t\t<div class=\"elementor-column elementor-col-100 elementor-inner-column elementor-element elementor-element-707e744\" data-id=\"707e744\" data-element_type=\"column\" data-e-type=\"column\">\n\t\t\t<div class=\"elementor-widget-wrap elementor-element-populated\">\n\t\t\t\t\t\t<div class=\"elementor-element elementor-element-773aaee elementor-widget elementor-widget-text-editor\" data-id=\"773aaee\" data-element_type=\"widget\" data-e-type=\"widget\" data-widget_type=\"text-editor.default\">\n\t\t\t\t<div class=\"elementor-widget-container\">\n\t\t\t\t\t\t\t\t\t<h3>Dienstleistungen am Strand<\/h3>\t\t\t\t\t\t\t\t<\/div>\n\t\t\t\t<\/div>\n\t\t\t\t<div class=\"elementor-element elementor-element-5bad14b elementor-widget elementor-widget-text-editor\" data-id=\"5bad14b\" data-element_type=\"widget\" data-e-type=\"widget\" data-widget_type=\"text-editor.default\">\n\t\t\t\t<div class=\"elementor-widget-container\">\n\t\t\t\t\t\t\t\t\t<ul><li><a href=\"http:\/\/www.mandelclub.com\/\" target=\"_blank\" rel=\"noopener\">Mandel Residence<\/a><\/li><li><a href=\"http:\/\/www.mandeldivingcenter.it\/\" target=\"_blank\" rel=\"noopener\">Mandel Diving Center<\/a><\/li><li>Parcheggio ed area sosta camper<\/li><li>Bar in spiaggia<\/li><li>Ristorante Mandel<\/li><li>Noleggio lettini, sdraio e ombrelloni<\/li><li>Escursioni guidate in kayak<\/li><li><a href=\"https:\/\/www.facebook.com\/e3kElbatrek\" target=\"_blank\" rel=\"noopener\">Trekking con ElbaTrek<\/a><\/li><\/ul>\t\t\t\t\t\t\t\t<\/div>\n\t\t\t\t<\/div>\n\t\t\t\t\t<\/div>\n\t\t<\/div>\n\t\t\t\t\t<\/div>\n\t\t<\/section>\n\t\t\t\t\t<\/div>\n\t\t<\/div>\n\t\t\t\t\t<\/div>\n\t\t<\/section>\n\t\t\t\t<section class=\"elementor-section elementor-top-section elementor-element elementor-element-193107c4 elementor-section-stretched elementor-section-full_width elementor-section-height-default elementor-section-height-default\" data-id=\"193107c4\" data-element_type=\"section\" data-e-type=\"section\" data-settings=\"{&quot;stretch_section&quot;:&quot;section-stretched&quot;,&quot;background_background&quot;:&quot;classic&quot;}\">\n\t\t\t\t\t\t<div class=\"elementor-container elementor-column-gap-wider\">\n\t\t\t\t\t<div class=\"elementor-column elementor-col-100 elementor-top-column elementor-element elementor-element-b0809bd\" data-id=\"b0809bd\" data-element_type=\"column\" data-e-type=\"column\">\n\t\t\t<div class=\"elementor-widget-wrap elementor-element-populated\">\n\t\t\t\t\t\t<section class=\"elementor-section elementor-inner-section elementor-element elementor-element-46a95c7d elementor-section-full_width elementor-section-height-default elementor-section-height-default\" data-id=\"46a95c7d\" data-element_type=\"section\" data-e-type=\"section\">\n\t\t\t\t\t\t<div class=\"elementor-container elementor-column-gap-no\">\n\t\t\t\t\t<div class=\"elementor-column elementor-col-100 elementor-inner-column elementor-element elementor-element-14550e80\" data-id=\"14550e80\" data-element_type=\"column\" data-e-type=\"column\">\n\t\t\t<div class=\"elementor-widget-wrap elementor-element-populated\">\n\t\t\t\t\t\t<div class=\"elementor-element elementor-element-72ab45b1 elementor-widget elementor-widget-heading\" data-id=\"72ab45b1\" data-element_type=\"widget\" data-e-type=\"widget\" data-widget_type=\"heading.default\">\n\t\t\t\t<div class=\"elementor-widget-container\">\n\t\t\t\t\t<h2 class=\"elementor-heading-title elementor-size-default\">Dienstleistung<\/h2>\t\t\t\t<\/div>\n\t\t\t\t<\/div>\n\t\t\t\t<div class=\"elementor-element elementor-element-88fdcec elementor-widget elementor-widget-mfn_slider\" data-id=\"88fdcec\" data-element_type=\"widget\" data-e-type=\"widget\" data-widget_type=\"mfn_slider.default\">\n\t\t\t\t<div class=\"elementor-widget-container\">\n\t\t\t\t\t<div class=\"content_slider carousel\"><ul class=\"content_slider_ul\"><li class=\"content_slider_li content_slider_li_1\"><a href=\"\/de\/dienstleistung\/boot-mieten\/\" ><img fetchpriority=\"high\" decoding=\"async\" width=\"1200\" height=\"860\" src=\"https:\/\/www.rentmandel.it\/wp-content\/uploads\/2024\/05\/slider_1-1200x860.jpg\" class=\"scale-with-grid wp-post-image\" alt=\"\" \/><p class=\"title \">Boot Mieten<\/p><\/a><\/li><li class=\"content_slider_li content_slider_li_2\"><a href=\"\/de\/dienstleistung\/ebike-mieten\/\" ><img decoding=\"async\" width=\"1200\" height=\"860\" src=\"https:\/\/www.rentmandel.it\/wp-content\/uploads\/2024\/05\/slider_2-1200x860.jpg\" class=\"scale-with-grid wp-post-image\" alt=\"\" \/><p class=\"title \">E-bike Mieten<\/p><\/a><\/li><li class=\"content_slider_li content_slider_li_3\"><a href=\"\/de\/dienstleistung\/badeanstalt\" ><img decoding=\"async\" width=\"1200\" height=\"860\" src=\"https:\/\/www.rentmandel.it\/wp-content\/uploads\/2024\/05\/slider_9-1200x860.jpg\" class=\"scale-with-grid wp-post-image\" alt=\"\" \/><p class=\"title \">Badeanstalt<\/p><\/a><\/li><li class=\"content_slider_li content_slider_li_4\"><a href=\"\/de\/dienstleistung\/strandbar\/\" ><img loading=\"lazy\" decoding=\"async\" width=\"1200\" height=\"860\" src=\"https:\/\/www.rentmandel.it\/wp-content\/uploads\/2024\/05\/slider_4-1200x860.jpg\" class=\"scale-with-grid wp-post-image\" alt=\"\" \/><p class=\"title \">Strandbar<\/p><\/a><\/li><li class=\"content_slider_li content_slider_li_5\"><a href=\"\/de\/dienstleistung\/windsurfing-schule\/\" ><img loading=\"lazy\" decoding=\"async\" width=\"1200\" height=\"860\" src=\"https:\/\/www.rentmandel.it\/wp-content\/uploads\/2024\/05\/slider_10-1200x860.jpg\" class=\"scale-with-grid wp-post-image\" alt=\"\" \/><p class=\"title \">Windsurfing Schule<\/p><\/a><\/li><li class=\"content_slider_li content_slider_li_6\"><a href=\"\/de\/dienstleistung\/tauchen\/\" ><img loading=\"lazy\" decoding=\"async\" width=\"1200\" height=\"860\" src=\"https:\/\/www.rentmandel.it\/wp-content\/uploads\/2024\/05\/slider_6-1200x860.jpg\" class=\"scale-with-grid wp-post-image\" alt=\"\" \/><p class=\"title \">Tauchen<\/p><\/a><\/li><li class=\"content_slider_li content_slider_li_7\"><a href=\"\/de\/dienstleistung\/gefuehrte-exkursionen\/\" ><img loading=\"lazy\" decoding=\"async\" width=\"1200\" height=\"860\" src=\"https:\/\/www.rentmandel.it\/wp-content\/uploads\/2024\/05\/slider_3-1200x860.jpg\" class=\"scale-with-grid wp-post-image\" alt=\"\" \/><p class=\"title \">Gef\u00fchrte Exkursionen<\/p><\/a><\/li><li class=\"content_slider_li content_slider_li_8\"><a href=\"\/de\/dienstleistung\/miniclub\/\" ><img loading=\"lazy\" decoding=\"async\" width=\"1200\" height=\"860\" src=\"https:\/\/www.rentmandel.it\/wp-content\/uploads\/2024\/05\/slider_8-1200x860.jpg\" class=\"scale-with-grid wp-post-image\" alt=\"\" \/><p class=\"title \">Miniclub<\/p><\/a><\/li><li class=\"content_slider_li content_slider_li_9\"><a href=\"#\" ><img loading=\"lazy\" decoding=\"async\" width=\"1199\" height=\"860\" src=\"https:\/\/www.rentmandel.it\/wp-content\/uploads\/2026\/04\/mandel-e-mandel2-varie-3444-1199x860.jpg\" class=\"scale-with-grid wp-post-image\" alt=\"\" \/><p class=\"title \">Hydro Bike<\/p><\/a><\/li><\/ul><div class=\"slider_pager slider_pagination\"><\/div><\/div>\n\t\t\t\t<\/div>\n\t\t\t\t<\/div>\n\t\t\t\t\t<\/div>\n\t\t<\/div>\n\t\t\t\t\t<\/div>\n\t\t<\/section>\n\t\t\t\t\t<\/div>\n\t\t<\/div>\n\t\t\t\t\t<\/div>\n\t\t<\/section>\n\t\t\t\t<section class=\"elementor-section elementor-top-section elementor-element elementor-element-54718b5 elementor-section-stretched elementor-section-boxed elementor-section-height-default elementor-section-height-default\" data-id=\"54718b5\" data-element_type=\"section\" data-e-type=\"section\" data-settings=\"{&quot;stretch_section&quot;:&quot;section-stretched&quot;,&quot;background_background&quot;:&quot;classic&quot;}\">\n\t\t\t\t\t\t<div class=\"elementor-container elementor-column-gap-wider\">\n\t\t\t\t\t<div class=\"elementor-column elementor-col-100 elementor-top-column elementor-element elementor-element-bceffbb\" data-id=\"bceffbb\" data-element_type=\"column\" data-e-type=\"column\">\n\t\t\t<div class=\"elementor-widget-wrap elementor-element-populated\">\n\t\t\t\t\t\t<section class=\"elementor-section elementor-inner-section elementor-element elementor-element-75b7a13 elementor-section-boxed elementor-section-height-default elementor-section-height-default\" data-id=\"75b7a13\" data-element_type=\"section\" data-e-type=\"section\">\n\t\t\t\t\t\t<div class=\"elementor-container elementor-column-gap-default\">\n\t\t\t\t\t<div class=\"elementor-column elementor-col-50 elementor-inner-column elementor-element elementor-element-e021e65\" data-id=\"e021e65\" data-element_type=\"column\" data-e-type=\"column\">\n\t\t\t<div class=\"elementor-widget-wrap elementor-element-populated\">\n\t\t\t\t\t\t<div class=\"elementor-element elementor-element-a2ff2a6 elementor-widget elementor-widget-image\" data-id=\"a2ff2a6\" data-element_type=\"widget\" data-e-type=\"widget\" data-widget_type=\"image.default\">\n\t\t\t\t<div class=\"elementor-widget-container\">\n\t\t\t\t\t\t\t\t\t\t\t\t\t\t\t<img loading=\"lazy\" decoding=\"async\" width=\"460\" height=\"460\" src=\"https:\/\/www.rentmandel.it\/wp-content\/uploads\/2024\/04\/elba_beaches_icon.png\" class=\"attachment-full size-full wp-image-200\" alt=\"\" srcset=\"https:\/\/www.rentmandel.it\/wp-content\/uploads\/2024\/04\/elba_beaches_icon.png 460w, https:\/\/www.rentmandel.it\/wp-content\/uploads\/2024\/04\/elba_beaches_icon-300x300.png 300w, https:\/\/www.rentmandel.it\/wp-content\/uploads\/2024\/04\/elba_beaches_icon-150x150.png 150w, https:\/\/www.rentmandel.it\/wp-content\/uploads\/2024\/04\/elba_beaches_icon-75x75.png 75w\" sizes=\"(max-width:767px) 460px, 460px\" \/>\t\t\t\t\t\t\t\t\t\t\t\t\t\t\t<\/div>\n\t\t\t\t<\/div>\n\t\t\t\t\t<\/div>\n\t\t<\/div>\n\t\t\t\t<div class=\"elementor-column elementor-col-50 elementor-inner-column elementor-element elementor-element-ec1aa95\" data-id=\"ec1aa95\" data-element_type=\"column\" data-e-type=\"column\">\n\t\t\t<div class=\"elementor-widget-wrap elementor-element-populated\">\n\t\t\t\t\t\t<div class=\"elementor-element elementor-element-5e3e0c2 elementor-widget elementor-widget-heading\" data-id=\"5e3e0c2\" data-element_type=\"widget\" data-e-type=\"widget\" data-widget_type=\"heading.default\">\n\t\t\t\t<div class=\"elementor-widget-container\">\n\t\t\t\t\t<h3 class=\"elementor-heading-title elementor-size-default\">Buchen Sie unsere Dienste mit der App Elba Beaches<\/h3>\t\t\t\t<\/div>\n\t\t\t\t<\/div>\n\t\t\t\t<div class=\"elementor-element elementor-element-c0b692f elementor-widget elementor-widget-text-editor\" data-id=\"c0b692f\" data-element_type=\"widget\" data-e-type=\"widget\" data-widget_type=\"text-editor.default\">\n\t\t\t\t<div class=\"elementor-widget-container\">\n\t\t\t\t\t\t\t\t\t<p>Laden Sie die neue App und buchen Sie Ihren Urlaub in RentMandel aus dem Komfort von zu Hause aus!<\/p>\t\t\t\t\t\t\t\t<\/div>\n\t\t\t\t<\/div>\n\t\t\t\t<div class=\"elementor-element elementor-element-abc3a8e elementor-widget__width-auto elementor-widget elementor-widget-image\" data-id=\"abc3a8e\" data-element_type=\"widget\" data-e-type=\"widget\" data-widget_type=\"image.default\">\n\t\t\t\t<div class=\"elementor-widget-container\">\n\t\t\t\t\t\t\t\t\t\t\t\t\t\t\t\t<a href=\"https:\/\/apps.apple.com\/it\/app\/elba-beaches\/id1521657381\" target=\"_blank\">\n\t\t\t\t\t\t\t<img loading=\"lazy\" decoding=\"async\" width=\"150\" height=\"45\" src=\"https:\/\/www.rentmandel.it\/wp-content\/uploads\/2024\/04\/appstore-150x45.png\" class=\"attachment-be_clients size-be_clients wp-image-439\" alt=\"\" srcset=\"https:\/\/www.rentmandel.it\/wp-content\/uploads\/2024\/04\/appstore-150x45.png 150w, https:\/\/www.rentmandel.it\/wp-content\/uploads\/2024\/04\/appstore.png 300w\" sizes=\"(max-width:767px) 150px, 150px\" \/>\t\t\t\t\t\t\t\t<\/a>\n\t\t\t\t\t\t\t\t\t\t\t\t\t\t\t<\/div>\n\t\t\t\t<\/div>\n\t\t\t\t<div class=\"elementor-element elementor-element-f656599 elementor-widget__width-auto elementor-widget elementor-widget-image\" data-id=\"f656599\" data-element_type=\"widget\" data-e-type=\"widget\" data-widget_type=\"image.default\">\n\t\t\t\t<div class=\"elementor-widget-container\">\n\t\t\t\t\t\t\t\t\t\t\t\t\t\t\t<img loading=\"lazy\" decoding=\"async\" width=\"150\" height=\"45\" src=\"https:\/\/www.rentmandel.it\/wp-content\/uploads\/2024\/04\/googleplay-150x45.png\" class=\"attachment-be_clients size-be_clients wp-image-440\" alt=\"\" srcset=\"https:\/\/www.rentmandel.it\/wp-content\/uploads\/2024\/04\/googleplay-150x45.png 150w, https:\/\/www.rentmandel.it\/wp-content\/uploads\/2024\/04\/googleplay.png 300w\" sizes=\"(max-width:767px) 150px, 150px\" \/>\t\t\t\t\t\t\t\t\t\t\t\t\t\t\t<\/div>\n\t\t\t\t<\/div>\n\t\t\t\t\t<\/div>\n\t\t<\/div>\n\t\t\t\t\t<\/div>\n\t\t<\/section>\n\t\t\t\t\t<\/div>\n\t\t<\/div>\n\t\t\t\t\t<\/div>\n\t\t<\/section>\n\t\t\t\t<\/div>\n\t\t","protected":false},"excerpt":{"rendered":"<p>Badeanstalt Unsere Badeanstalt ist die einzige mit 3 Seesternen: das Maximum an Exzellenz, das f\u00fcr eine Einrichtung erreichbar ist. Die Einrichtung besteht aus einem Teil des<span class=\"excerpt-hellip\"> [\u2026]<\/span><\/p>\n","protected":false},"author":1,"featured_media":0,"parent":1157,"menu_order":0,"comment_status":"open","ping_status":"closed","template":"","meta":{"footnotes":""},"class_list":["post-1173","page","type-page","status-publish","hentry"],"yoast_head":"<!-- This site is optimized with the Yoast SEO plugin v27.3 - https:\/\/yoast.com\/product\/yoast-seo-wordpress\/ -->\n<title>Badeanstalt - Rent Mandel<\/title>\n<meta name=\"robots\" content=\"index, follow, max-snippet:-1, max-image-preview:large, max-video-preview:-1\" \/>\n<link rel=\"canonical\" href=\"https:\/\/www.rentmandel.it\/servizi\/stabilimento\/\" \/>\n<meta property=\"og:locale\" content=\"de_DE\" \/>\n<meta property=\"og:type\" content=\"article\" \/>\n<meta property=\"og:title\" content=\"Badeanstalt - Rent Mandel\" \/>\n<meta property=\"og:description\" content=\"Badeanstalt Unsere Badeanstalt ist die einzige mit 3 Seesternen: das Maximum an Exzellenz, das f\u00fcr eine Einrichtung erreichbar ist. Die Einrichtung besteht aus einem Teil des [\u2026]\" \/>\n<meta property=\"og:url\" content=\"https:\/\/www.rentmandel.it\/servizi\/stabilimento\/\" \/>\n<meta property=\"og:site_name\" content=\"Rent Mandel\" \/>\n<meta property=\"article:modified_time\" content=\"2024-05-13T06:39:57+00:00\" \/>\n<meta property=\"og:image\" content=\"https:\/\/rentmandel.youelba.com\/wp-content\/uploads\/2024\/05\/slider_1-1200x860.jpg\" \/>\n<meta name=\"twitter:card\" content=\"summary_large_image\" \/>\n<meta name=\"twitter:label1\" content=\"Gesch\u00e4tzte Lesezeit\" \/>\n\t<meta name=\"twitter:data1\" content=\"1\u00a0Minute\" \/>\n<script type=\"application\/ld+json\" class=\"yoast-schema-graph\">{\"@context\":\"https:\\\/\\\/schema.org\",\"@graph\":[{\"@type\":\"WebPage\",\"@id\":\"https:\\\/\\\/www.rentmandel.it\\\/servizi\\\/stabilimento\\\/\",\"url\":\"https:\\\/\\\/www.rentmandel.it\\\/servizi\\\/stabilimento\\\/\",\"name\":\"Badeanstalt - Rent Mandel\",\"isPartOf\":{\"@id\":\"https:\\\/\\\/www.rentmandel.it\\\/#website\"},\"primaryImageOfPage\":{\"@id\":\"https:\\\/\\\/www.rentmandel.it\\\/servizi\\\/stabilimento\\\/#primaryimage\"},\"image\":{\"@id\":\"https:\\\/\\\/www.rentmandel.it\\\/servizi\\\/stabilimento\\\/#primaryimage\"},\"thumbnailUrl\":\"https:\\\/\\\/rentmandel.youelba.com\\\/wp-content\\\/uploads\\\/2024\\\/05\\\/slider_1-1200x860.jpg\",\"datePublished\":\"2024-04-09T06:49:39+00:00\",\"dateModified\":\"2024-05-13T06:39:57+00:00\",\"breadcrumb\":{\"@id\":\"https:\\\/\\\/www.rentmandel.it\\\/servizi\\\/stabilimento\\\/#breadcrumb\"},\"inLanguage\":\"de\",\"potentialAction\":[{\"@type\":\"ReadAction\",\"target\":[\"https:\\\/\\\/www.rentmandel.it\\\/servizi\\\/stabilimento\\\/\"]}]},{\"@type\":\"ImageObject\",\"inLanguage\":\"de\",\"@id\":\"https:\\\/\\\/www.rentmandel.it\\\/servizi\\\/stabilimento\\\/#primaryimage\",\"url\":\"https:\\\/\\\/rentmandel.youelba.com\\\/wp-content\\\/uploads\\\/2024\\\/05\\\/slider_1-1200x860.jpg\",\"contentUrl\":\"https:\\\/\\\/rentmandel.youelba.com\\\/wp-content\\\/uploads\\\/2024\\\/05\\\/slider_1-1200x860.jpg\"},{\"@type\":\"BreadcrumbList\",\"@id\":\"https:\\\/\\\/www.rentmandel.it\\\/servizi\\\/stabilimento\\\/#breadcrumb\",\"itemListElement\":[{\"@type\":\"ListItem\",\"position\":1,\"name\":\"Home\",\"item\":\"https:\\\/\\\/www.rentmandel.it\\\/de\\\/\"},{\"@type\":\"ListItem\",\"position\":2,\"name\":\"Dienstleistung\",\"item\":\"https:\\\/\\\/www.rentmandel.it\\\/servizi\\\/\"},{\"@type\":\"ListItem\",\"position\":3,\"name\":\"Badeanstalt\"}]},{\"@type\":\"WebSite\",\"@id\":\"https:\\\/\\\/www.rentmandel.it\\\/#website\",\"url\":\"https:\\\/\\\/www.rentmandel.it\\\/\",\"name\":\"Rent Mandel\",\"description\":\"Numerosi servizi alla spiaggia di Morcone all&#039;Isola d&#039;Elba\",\"publisher\":{\"@id\":\"https:\\\/\\\/www.rentmandel.it\\\/#organization\"},\"potentialAction\":[{\"@type\":\"SearchAction\",\"target\":{\"@type\":\"EntryPoint\",\"urlTemplate\":\"https:\\\/\\\/www.rentmandel.it\\\/?s={search_term_string}\"},\"query-input\":{\"@type\":\"PropertyValueSpecification\",\"valueRequired\":true,\"valueName\":\"search_term_string\"}}],\"inLanguage\":\"de\"},{\"@type\":\"Organization\",\"@id\":\"https:\\\/\\\/www.rentmandel.it\\\/#organization\",\"name\":\"Rent Mandel\",\"url\":\"https:\\\/\\\/www.rentmandel.it\\\/\",\"logo\":{\"@type\":\"ImageObject\",\"inLanguage\":\"de\",\"@id\":\"https:\\\/\\\/www.rentmandel.it\\\/#\\\/schema\\\/logo\\\/image\\\/\",\"url\":\"https:\\\/\\\/www.rentmandel.it\\\/wp-content\\\/uploads\\\/2024\\\/04\\\/logo.png\",\"contentUrl\":\"https:\\\/\\\/www.rentmandel.it\\\/wp-content\\\/uploads\\\/2024\\\/04\\\/logo.png\",\"width\":300,\"height\":100,\"caption\":\"Rent Mandel\"},\"image\":{\"@id\":\"https:\\\/\\\/www.rentmandel.it\\\/#\\\/schema\\\/logo\\\/image\\\/\"}}]}<\/script>\n<!-- \/ Yoast SEO plugin. -->","yoast_head_json":{"title":"Badeanstalt - Rent Mandel","robots":{"index":"index","follow":"follow","max-snippet":"max-snippet:-1","max-image-preview":"max-image-preview:large","max-video-preview":"max-video-preview:-1"},"canonical":"https:\/\/www.rentmandel.it\/servizi\/stabilimento\/","og_locale":"de_DE","og_type":"article","og_title":"Badeanstalt - Rent Mandel","og_description":"Badeanstalt Unsere Badeanstalt ist die einzige mit 3 Seesternen: das Maximum an Exzellenz, das f\u00fcr eine Einrichtung erreichbar ist. Die Einrichtung besteht aus einem Teil des [\u2026]","og_url":"https:\/\/www.rentmandel.it\/servizi\/stabilimento\/","og_site_name":"Rent Mandel","article_modified_time":"2024-05-13T06:39:57+00:00","og_image":[{"url":"https:\/\/rentmandel.youelba.com\/wp-content\/uploads\/2024\/05\/slider_1-1200x860.jpg","type":"","width":"","height":""}],"twitter_card":"summary_large_image","twitter_misc":{"Gesch\u00e4tzte Lesezeit":"1\u00a0Minute"},"schema":{"@context":"https:\/\/schema.org","@graph":[{"@type":"WebPage","@id":"https:\/\/www.rentmandel.it\/servizi\/stabilimento\/","url":"https:\/\/www.rentmandel.it\/servizi\/stabilimento\/","name":"Badeanstalt - Rent Mandel","isPartOf":{"@id":"https:\/\/www.rentmandel.it\/#website"},"primaryImageOfPage":{"@id":"https:\/\/www.rentmandel.it\/servizi\/stabilimento\/#primaryimage"},"image":{"@id":"https:\/\/www.rentmandel.it\/servizi\/stabilimento\/#primaryimage"},"thumbnailUrl":"https:\/\/rentmandel.youelba.com\/wp-content\/uploads\/2024\/05\/slider_1-1200x860.jpg","datePublished":"2024-04-09T06:49:39+00:00","dateModified":"2024-05-13T06:39:57+00:00","breadcrumb":{"@id":"https:\/\/www.rentmandel.it\/servizi\/stabilimento\/#breadcrumb"},"inLanguage":"de","potentialAction":[{"@type":"ReadAction","target":["https:\/\/www.rentmandel.it\/servizi\/stabilimento\/"]}]},{"@type":"ImageObject","inLanguage":"de","@id":"https:\/\/www.rentmandel.it\/servizi\/stabilimento\/#primaryimage","url":"https:\/\/rentmandel.youelba.com\/wp-content\/uploads\/2024\/05\/slider_1-1200x860.jpg","contentUrl":"https:\/\/rentmandel.youelba.com\/wp-content\/uploads\/2024\/05\/slider_1-1200x860.jpg"},{"@type":"BreadcrumbList","@id":"https:\/\/www.rentmandel.it\/servizi\/stabilimento\/#breadcrumb","itemListElement":[{"@type":"ListItem","position":1,"name":"Home","item":"https:\/\/www.rentmandel.it\/de\/"},{"@type":"ListItem","position":2,"name":"Dienstleistung","item":"https:\/\/www.rentmandel.it\/servizi\/"},{"@type":"ListItem","position":3,"name":"Badeanstalt"}]},{"@type":"WebSite","@id":"https:\/\/www.rentmandel.it\/#website","url":"https:\/\/www.rentmandel.it\/","name":"Rent Mandel","description":"Numerosi servizi alla spiaggia di Morcone all&#039;Isola d&#039;Elba","publisher":{"@id":"https:\/\/www.rentmandel.it\/#organization"},"potentialAction":[{"@type":"SearchAction","target":{"@type":"EntryPoint","urlTemplate":"https:\/\/www.rentmandel.it\/?s={search_term_string}"},"query-input":{"@type":"PropertyValueSpecification","valueRequired":true,"valueName":"search_term_string"}}],"inLanguage":"de"},{"@type":"Organization","@id":"https:\/\/www.rentmandel.it\/#organization","name":"Rent Mandel","url":"https:\/\/www.rentmandel.it\/","logo":{"@type":"ImageObject","inLanguage":"de","@id":"https:\/\/www.rentmandel.it\/#\/schema\/logo\/image\/","url":"https:\/\/www.rentmandel.it\/wp-content\/uploads\/2024\/04\/logo.png","contentUrl":"https:\/\/www.rentmandel.it\/wp-content\/uploads\/2024\/04\/logo.png","width":300,"height":100,"caption":"Rent Mandel"},"image":{"@id":"https:\/\/www.rentmandel.it\/#\/schema\/logo\/image\/"}}]}},"_links":{"self":[{"href":"https:\/\/www.rentmandel.it\/de\/wp-json\/wp\/v2\/pages\/1173","targetHints":{"allow":["GET"]}}],"collection":[{"href":"https:\/\/www.rentmandel.it\/de\/wp-json\/wp\/v2\/pages"}],"about":[{"href":"https:\/\/www.rentmandel.it\/de\/wp-json\/wp\/v2\/types\/page"}],"author":[{"embeddable":true,"href":"https:\/\/www.rentmandel.it\/de\/wp-json\/wp\/v2\/users\/1"}],"replies":[{"embeddable":true,"href":"https:\/\/www.rentmandel.it\/de\/wp-json\/wp\/v2\/comments?post=1173"}],"version-history":[{"count":5,"href":"https:\/\/www.rentmandel.it\/de\/wp-json\/wp\/v2\/pages\/1173\/revisions"}],"predecessor-version":[{"id":2105,"href":"https:\/\/www.rentmandel.it\/de\/wp-json\/wp\/v2\/pages\/1173\/revisions\/2105"}],"up":[{"embeddable":true,"href":"https:\/\/www.rentmandel.it\/de\/wp-json\/wp\/v2\/pages\/1157"}],"wp:attachment":[{"href":"https:\/\/www.rentmandel.it\/de\/wp-json\/wp\/v2\/media?parent=1173"}],"curies":[{"name":"wp","href":"https:\/\/api.w.org\/{rel}","templated":true}]}}