{"id":1952,"date":"2024-04-05T15:21:08","date_gmt":"2024-04-05T13:21:08","guid":{"rendered":"https:\/\/rentmandel.youelba.com\/privacy-policy\/"},"modified":"2024-05-09T13:56:44","modified_gmt":"2024-05-09T11:56:44","slug":"privacy-policy","status":"publish","type":"page","link":"https:\/\/www.rentmandel.it\/de\/privacy-policy\/","title":{"rendered":"Privacy Policy"},"content":{"rendered":"\t\t<div data-elementor-type=\"wp-page\" data-elementor-id=\"1952\" class=\"elementor elementor-1952\">\n\t\t\t\t<div class=\"elementor-element elementor-element-1f657fca e-flex e-con-boxed e-con e-parent\" data-id=\"1f657fca\" data-element_type=\"container\" data-e-type=\"container\">\n\t\t\t\t\t<div class=\"e-con-inner\">\n\t\t\t\t<div class=\"elementor-element elementor-element-2246af44 elementor-widget elementor-widget-text-editor\" data-id=\"2246af44\" data-element_type=\"widget\" data-e-type=\"widget\" data-widget_type=\"text-editor.default\">\n\t\t\t\t<div class=\"elementor-widget-container\">\n\t\t\t\t\t\t\t\t\t\n<div class=\"heading-block nobottomborder bottommargin-sm\">\n<div class=\"heading-block nobottomborder bottommargin-sm\">\n<h1 class=\"wp-block-heading\">ALLGEMEINE EUROP\u00c4ISCHE DATENSCHUTZVERORDNUNG (EU-VERORDNUNG 2016\/679)<\/h1>\n<\/div>\n<div class=\"row clearfix\">\n<div class=\"col-lg-12 col-md-12  bottommargin-sm text-justify\">\n<p>Sehr geehrter Besucher, nach Konsultation dieser Website k\u00f6nnen Daten verarbeitet werden, die sich auf identifizierte oder identifizierbare nat\u00fcrliche Personen beziehen.<\/p>\n<p>Mit Bezug auf diese Datenverarbeitung werden, auch im Sinne von Art. 13 der Allgemeinen Europ\u00e4ischen Datenschutzverordnung (EU-Verordnung 2016\/679), folgende Informationen gegeben, deren G\u00fcltigkeit nicht auf andere externe Websites ausgedehnt wird, die der Benutzer \u00fcber Links auf dieser Website konsultiert.<\/p>\n<p>Mit der Fortsetzung der Navigation, und mit der Haftung f\u00fcr die Service-Vorschl\u00e4ge in den verschiedenen Teilen der Website (Abonnement unseres Newsletters, falls vorhanden, das Ausf\u00fcllen von Formularen zur Anforderung von Informationen, &#8230;), geben wir, um diese allgemeinen Informationen \u00fcber die Verarbeitung zu erwerben, sowie alle spezifischen Informationen im Zusammenhang mit der Verarbeitung f\u00fcr verschiedene und spezifische Zwecke, und der Benutzer gibt seine ausdr\u00fcckliche Zustimmung zur Verarbeitung.\u00a0<u>Wir betonen, dass die Einwilligung nur dann g\u00fcltig ist, wenn sie von einem Erwachsenen oder einem Minderj\u00e4hrigen \u00fcber 14 Jahren\u00a0<\/u>(Art. 8, Abs\u00e4tze 1 und 2 der GDPR).<\/p>\n<h3>BEHANDLUNGSTITEL<\/h3>\n<p><strong>Rent Mandel 2<\/strong>\u00a0gelegen in Morcone &#8211; Capoliveri &#8211; Isola d&#8217;Elba (LI) &#8211; Italien, Mehrwertsteuernummer 01376620496<\/p>\n<h3>BEARBEITETE DATENTYPEN<\/h3>\n<h4>Navigationsdaten<\/h4>\n<p>Die Computersysteme und Softwareverfahren, die f\u00fcr den Betrieb dieser Website verwendet werden, erfassen im Laufe ihres normalen Betriebs einige pers\u00f6nliche Daten, deren \u00dcbertragung durch die Verwendung von Internet-Kommunikationsprotokollen implizit erfolgt.<\/p>\n<p>Diese Informationen werden nicht gesammelt, um mit identifizierten Datensubjekten in Verbindung gebracht zu werden, sondern k\u00f6nnten aufgrund ihrer Beschaffenheit durch Verarbeitung und Verbindung mit Daten im Besitz von Dritten die Identifizierung von Benutzern erm\u00f6glichen.<\/p>\n<p>Zu dieser Datenkategorie geh\u00f6ren zum Beispiel IP-Adressen oder Domain-Namen von Computern oder anderen Tools, die von den Benutzern verwendet werden, die sich mit der Website verbinden, URI (Uniform Resource Identifier)-Adressen der angeforderten Ressourcen, die Uhrzeit der Anfrage, die zur \u00dcbermittlung der Anfrage an den Server verwendete Methode, die Gr\u00f6\u00dfe der als Antwort erhaltenen Datei, der numerische Code, der den Status der vom Server gegebenen Antwort angibt (erfolgreich, Fehler usw.) und andere Parameter, die sich auf das Betriebssystem und die Computerumgebung des Benutzers beziehen.<\/p>\n<p>Diese Daten dienen ausschlie\u00dflich dem Zweck, anonyme statistische Informationen \u00fcber die Nutzung der Website zu erhalten und ihr korrektes Funktionieren zu \u00fcberpr\u00fcfen und werden unmittelbar nach der Verarbeitung gel\u00f6scht.<\/p>\n<h4>Kekse<\/h4>\n<h5>Was ist ein Cookie?<\/h5>\n<p>Ein Cookie ist eine kleine Textdatei, die von einem Webserver auf Ihre Festplatte gesendet wird.<\/p>\n<p>Das Cookie macht das Surfen detaillierter und unkomplizierter als Ihre Interessen.<\/p>\n<h5>Funktionen von Cookies<\/h5>\n<h5>Notwendige &#8222;technische&#8220; Cookies<\/h5>\n<p>Technische Cookies sind unerl\u00e4sslich, um das korrekte Funktionieren der Seiten, aus denen die Website besteht, zu erm\u00f6glichen. Ohne sie k\u00f6nnen einige Funktionen beeintr\u00e4chtigt und der Zugang zu Inhalten eingeschr\u00e4nkt sein. Sie haben auch andere Funktionen, wie z.B. die M\u00f6glichkeit, die von einem Benutzer oder einem Site-Administrator durchgef\u00fchrte Authentifizierung zu verfolgen. Cookies dieser Art sammeln keine pers\u00f6nlichen Informationen \u00fcber den Benutzer.<\/p>\n<h5>&#8222;Technische&#8220; Merkmal-Cookies<\/h5>\n<p>Hier handelt es sich um Cookies, die dazu dienen, vom Benutzer getroffene Auswahlen zur Verbesserung der Navigation zu speichern (z.B. Sprache oder das Vorausf\u00fcllen eines Formulars mit dem zuvor verwendeten Namen usw.). Diese Art von Cookies kann pers\u00f6nliche Informationen (z.B. Benutzername) enthalten. Ohne diese Cookies k\u00f6nnen einige Funktionen und die Navigation zwischen den Seiten eingeschr\u00e4nkt\/eingetr\u00fcbt sein.<\/p>\n<h5>Leistungs-Cookies<\/h5>\n<p>Leistungs-Cookies werden verwendet, um zu verstehen: ob die Benutzer neu sind oder zur\u00fcckkehren, wie sie die Website nutzen, wie sie sich zwischen den Seiten bewegen, wie lange sie auf den Seiten und der Website bleiben, aus welchem geographischen Gebiet sie auf die Website gekommen sind. Die Daten identifizieren den Benutzer nicht als Person, sondern werden von den Analysewerkzeugen anonymisiert aggregiert. Die Deaktivierung beeintr\u00e4chtigt in keiner Weise die von der Website angebotene Funktionalit\u00e4t.<\/p>\n<h5>Cookies sozialer Anteil<\/h5>\n<p>Einige Widgets, die von sozialen Netzwerken (z.B. Facebook, YouTube, Google Maps usw.) zur Verf\u00fcgung gestellt werden, k\u00f6nnen eigene Cookies von Drittanbietern verwenden. Die Deaktivierung wirkt sich nicht auf die Nutzung der Website aus, mit Ausnahme von Abschnitten, in denen Widgets installiert werden k\u00f6nnen (z.B. zur Integration von Videos oder Karten) und in einigen F\u00e4llen der M\u00f6glichkeit, Inhalte schnell weiterzugeben oder bestimmte Bereiche der Website zu kommentieren.<\/p>\n<h5>Werbe-Cookies<\/h5>\n<p><strong>Diese Website verwendet KEINE Cookies dieser Art.<\/strong><\/p>\n<h5>Warum verwenden wir Cookies?<\/h5>\n<p>Wir verwenden sie, um Ihre Pr\u00e4ferenzen zu speichern, Komfort-Cookies (sobald Sie z.B. alle Informationen \u00fcber Ihre Zugangsdaten etc. eingegeben haben, ist dies nicht mehr notwendig).<\/p>\n<p>Wir verwenden sie zum Schutz Ihrer Daten.<\/p>\n<p>Wir verwenden sie, um Ihr Surfen im Web zu perfektionieren.<\/p>\n<p>Wir verwenden sie, um detaillierte statistische Daten \u00fcber die Besuche zu erhalten, die auf der Website durchgef\u00fchrt werden.<\/p>\n<h5>Wie k\u00f6nnen Sie mit Cookies umgehen?<\/h5>\n<p>Mit dem\/den auf Ihrem Computer installierten Browser(n) k\u00f6nnen Sie die Einstellungen f\u00fcr Cookies festlegen (aktivieren, deaktivieren, l\u00f6schen&#8230;).<\/p>\n<p>Durch die Verwaltung der Cookies wird es m\u00f6glich sein, sie zu deaktivieren\/unterdr\u00fccken; dies kann den Zugang zu einigen Seiten der Website verhindern.<\/p>\n<p>Die Verwaltung von Cookies h\u00e4ngt von Ihrem Browser ab. Klicken Sie auf das Symbol Ihres Browsers, um zu erfahren, wie Sie Cookies verwalten k\u00f6nnen:<\/p>\n<p>&lt;<a href=\"https:\/\/support.google.com\/accounts\/answer\/61416?hl=it\" target=\"_blank\" rel=\"nofollow noopener\"><u>Google Chrome<\/u><\/a>\u00a0| |\u00a0<a href=\"http:\/\/windows.microsoft.com\/it-it\/internet-explorer\/delete-manage-cookies#ie=ie-11\" target=\"_blank\" rel=\"nofollow noopener\"><u>Internet Explorer<\/u><\/a>\u00a0| |\u00a0<a href=\"http:\/\/support.%20mozilla.org\/it\/kb\/Activate%20e%20e%20%20deactivate%20i%20cookie\" target=\"_blank\" rel=\"nofollow noopener\"><u>Mozilla Firefox<\/u><\/a>\u00a0| | |\u00a0<a href=\"http:\/\/www.apple.com\/it\/privacy\/use-of-cookies\/\" target=\"_blank\" rel=\"nofollow noopener\"><u>Safari<\/u><\/a><\/p>\n<p>Vom mobilen Ger\u00e4t:\u00a0<a href=\"https:\/\/support.google.com\/chrome\/answer\/95647?hl=it\" target=\"_blank\" rel=\"nofollow noopener\"><u>Android<\/u><\/a>\u00a0&#8211;\u00a0<a href=\"https:\/\/support.apple.com\/it-it\/HT201265\" target=\"_blank\" rel=\"nofollow noopener\"><u>Ios<\/u><\/a>\u00a0&#8211;\u00a0<a href=\"http:\/\/www.windowsphone.%20com\/de\/how-to\/wp7\/web\/changing-privacy-and-other-browser-settings\" target=\"_blank\" rel=\"nofollow noopener\"><u>Windows Phone<\/u><\/a>\u00a0&#8211;\u00a0<a href=\"http:\/\/docs.blackberry.com\/en\/smartphone_users\/deliverables\/32004\/Turn_off_cookies_in_the_browser_60_1072866_11.jsp\" target=\"_blank\" rel=\"nofollow noopener\"><u>Blackberry<\/u><\/a><\/p>\n<h3>VOLLST\u00c4NDIG VOM BENUTZER BEREITGESTELLTE DATEN<\/h3>\n<p>Die fakultative, ausdr\u00fcckliche und freiwillige Zusendung von elektronischer Post an die auf dieser Website angegebenen Adressen beinhaltet die nachtr\u00e4gliche Erfassung der Adresse des Absenders, die notwendig ist, um auf Anfragen zu antworten, sowie aller anderen in der Nachricht enthaltenen pers\u00f6nlichen Daten. Spezifische zusammenfassende Informationen werden auch in den Abschnitten der Website gemeldet oder angezeigt, die f\u00fcr bestimmte Dienstleistungen auf Anfrage und, falls erforderlich, vorbehaltlich der Zustimmung der betroffenen Person erstellt wurden.<\/p>\n<h3>BEHANDLUNGSZWECK UND OPTIONALIT\u00c4T DER DATENKONFERENZ<\/h3>\n<p>Neben den Angaben zu den Navigationsdaten und den technischen Cookies steht es dem Benutzer frei, seine pers\u00f6nlichen Daten durch die Verwendung spezieller Formulare oder Formulare auf der Website zur Verf\u00fcgung zu stellen, um die Zusendung von Newslettern, Informationsmaterial oder anderen Mitteilungen anzufordern und, allgemeiner, f\u00fcr die in den entsprechenden und spezifischen Informationen angegebenen Zwecke. Die Nichtbereitstellung solcher Informationen kann dazu f\u00fchren, dass die angeforderten Informationen nicht beschafft werden k\u00f6nnen.<\/p>\n<h3>BEHANDLUNGSMETHODE<\/h3>\n<p>&lt;<strong>Rent Mandel 2<\/strong>, als Verantwortlicher f\u00fcr die Datenverarbeitung, und jeder der externen Datenverarbeiter, falls vorhanden, wie oben identifiziert, wird die pers\u00f6nlichen Daten, die durch die Nutzung der Website und ihrer verschiedenen Funktionalit\u00e4ten, die auf Anfrage des Benutzers aktiviert werden k\u00f6nnen, gesammelt wurden, verwalten und f\u00fcr die Zeit speichern, die unbedingt notwendig ist, um die Zwecke zu erreichen, f\u00fcr die sie gesammelt oder freiwillig vom Benutzer mitgeteilt wurden.<\/p>\n<p>Spezifische Sicherheitsma\u00dfnahmen, wie sie in Artikel 32 der Verordnung (EU) 2016\/679 vorgesehen sind, werden eingehalten, um den Verlust von Daten, die unrechtm\u00e4\u00dfige oder unkorrekte Verwendung und den unberechtigten Zugriff zu verhindern.<\/p>\n<p>Die Daten werden nur von Personal verwaltet, das vom f\u00fcr die Datenverarbeitung Verantwortlichen autorisiert wurde, unter keinen Umst\u00e4nden werden die Daten verbreitet.<\/p>\n<p>Zu den oben genannten Daten\u00a0Nicht\u00a0pers\u00f6nliche Profilierungsaktivit\u00e4t des Benutzers ist vorgesehen.<\/p>\n<h3>Rechte der interessierten Parteien<\/h3>\n<p>Den Personen, auf die sich die verarbeiteten personenbezogenen Daten beziehen, werden alle in den Artikeln 15, 16, 17, 18 der Verordnung 679 genannten Rechte garantiert (Zugang mit Best\u00e4tigung der Existenz oder Nicht-Existenz der Verarbeitung ihrer Daten; Berichtigung, L\u00f6schung und Einschr\u00e4nkung der Verarbeitung, wenn die F\u00e4lle eintreten).<\/p>\n<p>Der betroffene Benutzer hat in jedem Fall das Recht, aus berechtigten Gr\u00fcnden der Verarbeitung zu widersprechen.<\/p>\n<p>Anfragen sollten behandelt werden:<\/p>\n<ul>\n<li>per E-Mail, unter: stefano@mandelclub.com<\/li>\n<li>per Post an die Adresse: Miete Mandel 2 &#8211; loc. Morcone &#8211; Capoliveri &#8211; Insel Elba (LI) &#8211; Italien<\/li>\n<\/ul>\n<\/div>\n<\/div>\n<\/div>\t\t\t\t\t\t\t\t<\/div>\n\t\t\t\t<\/div>\n\t\t\t\t\t<\/div>\n\t\t\t\t<\/div>\n\t\t\t\t<\/div>\n\t\t","protected":false},"excerpt":{"rendered":"<p>ALLGEMEINE EUROP\u00c4ISCHE DATENSCHUTZVERORDNUNG (EU-VERORDNUNG 2016\/679) Sehr geehrter Besucher, nach Konsultation dieser Website k\u00f6nnen Daten verarbeitet werden, die sich auf identifizierte oder identifizierbare nat\u00fcrliche Personen beziehen. Mit<span class=\"excerpt-hellip\"> [\u2026]<\/span><\/p>\n","protected":false},"author":1,"featured_media":0,"parent":0,"menu_order":0,"comment_status":"closed","ping_status":"closed","template":"","meta":{"footnotes":""},"class_list":["post-1952","page","type-page","status-publish","hentry"],"yoast_head":"<!-- This site is optimized with the Yoast SEO plugin v27.3 - https:\/\/yoast.com\/product\/yoast-seo-wordpress\/ -->\n<title>Privacy Policy - Rent Mandel<\/title>\n<meta name=\"robots\" content=\"index, follow, max-snippet:-1, max-image-preview:large, max-video-preview:-1\" \/>\n<link rel=\"canonical\" href=\"https:\/\/www.rentmandel.it\/de\/privacy-policy\/\" \/>\n<meta property=\"og:locale\" content=\"de_DE\" \/>\n<meta property=\"og:type\" content=\"article\" \/>\n<meta property=\"og:title\" content=\"Privacy Policy - Rent Mandel\" \/>\n<meta property=\"og:description\" content=\"ALLGEMEINE EUROP\u00c4ISCHE DATENSCHUTZVERORDNUNG (EU-VERORDNUNG 2016\/679) Sehr geehrter Besucher, nach Konsultation dieser Website k\u00f6nnen Daten verarbeitet werden, die sich auf identifizierte oder identifizierbare nat\u00fcrliche Personen beziehen. Mit [\u2026]\" \/>\n<meta property=\"og:url\" content=\"https:\/\/www.rentmandel.it\/de\/privacy-policy\/\" \/>\n<meta property=\"og:site_name\" content=\"Rent Mandel\" \/>\n<meta property=\"article:modified_time\" content=\"2024-05-09T11:56:44+00:00\" \/>\n<meta name=\"twitter:card\" content=\"summary_large_image\" \/>\n<meta name=\"twitter:label1\" content=\"Gesch\u00e4tzte Lesezeit\" \/>\n\t<meta name=\"twitter:data1\" content=\"6\u00a0Minuten\" \/>\n<script type=\"application\/ld+json\" class=\"yoast-schema-graph\">{\"@context\":\"https:\\\/\\\/schema.org\",\"@graph\":[{\"@type\":\"WebPage\",\"@id\":\"https:\\\/\\\/www.rentmandel.it\\\/de\\\/privacy-policy\\\/\",\"url\":\"https:\\\/\\\/www.rentmandel.it\\\/de\\\/privacy-policy\\\/\",\"name\":\"Privacy Policy - Rent Mandel\",\"isPartOf\":{\"@id\":\"https:\\\/\\\/www.rentmandel.it\\\/#website\"},\"datePublished\":\"2024-04-05T13:21:08+00:00\",\"dateModified\":\"2024-05-09T11:56:44+00:00\",\"breadcrumb\":{\"@id\":\"https:\\\/\\\/www.rentmandel.it\\\/de\\\/privacy-policy\\\/#breadcrumb\"},\"inLanguage\":\"de\",\"potentialAction\":[{\"@type\":\"ReadAction\",\"target\":[\"https:\\\/\\\/www.rentmandel.it\\\/de\\\/privacy-policy\\\/\"]}]},{\"@type\":\"BreadcrumbList\",\"@id\":\"https:\\\/\\\/www.rentmandel.it\\\/de\\\/privacy-policy\\\/#breadcrumb\",\"itemListElement\":[{\"@type\":\"ListItem\",\"position\":1,\"name\":\"Home\",\"item\":\"https:\\\/\\\/www.rentmandel.it\\\/de\\\/\"},{\"@type\":\"ListItem\",\"position\":2,\"name\":\"Privacy Policy\"}]},{\"@type\":\"WebSite\",\"@id\":\"https:\\\/\\\/www.rentmandel.it\\\/#website\",\"url\":\"https:\\\/\\\/www.rentmandel.it\\\/\",\"name\":\"Rent Mandel\",\"description\":\"Numerosi servizi alla spiaggia di Morcone all&#039;Isola d&#039;Elba\",\"publisher\":{\"@id\":\"https:\\\/\\\/www.rentmandel.it\\\/#organization\"},\"potentialAction\":[{\"@type\":\"SearchAction\",\"target\":{\"@type\":\"EntryPoint\",\"urlTemplate\":\"https:\\\/\\\/www.rentmandel.it\\\/?s={search_term_string}\"},\"query-input\":{\"@type\":\"PropertyValueSpecification\",\"valueRequired\":true,\"valueName\":\"search_term_string\"}}],\"inLanguage\":\"de\"},{\"@type\":\"Organization\",\"@id\":\"https:\\\/\\\/www.rentmandel.it\\\/#organization\",\"name\":\"Rent Mandel\",\"url\":\"https:\\\/\\\/www.rentmandel.it\\\/\",\"logo\":{\"@type\":\"ImageObject\",\"inLanguage\":\"de\",\"@id\":\"https:\\\/\\\/www.rentmandel.it\\\/#\\\/schema\\\/logo\\\/image\\\/\",\"url\":\"https:\\\/\\\/www.rentmandel.it\\\/wp-content\\\/uploads\\\/2024\\\/04\\\/logo.png\",\"contentUrl\":\"https:\\\/\\\/www.rentmandel.it\\\/wp-content\\\/uploads\\\/2024\\\/04\\\/logo.png\",\"width\":300,\"height\":100,\"caption\":\"Rent Mandel\"},\"image\":{\"@id\":\"https:\\\/\\\/www.rentmandel.it\\\/#\\\/schema\\\/logo\\\/image\\\/\"}}]}<\/script>\n<!-- \/ Yoast SEO plugin. -->","yoast_head_json":{"title":"Privacy Policy - Rent Mandel","robots":{"index":"index","follow":"follow","max-snippet":"max-snippet:-1","max-image-preview":"max-image-preview:large","max-video-preview":"max-video-preview:-1"},"canonical":"https:\/\/www.rentmandel.it\/de\/privacy-policy\/","og_locale":"de_DE","og_type":"article","og_title":"Privacy Policy - Rent Mandel","og_description":"ALLGEMEINE EUROP\u00c4ISCHE DATENSCHUTZVERORDNUNG (EU-VERORDNUNG 2016\/679) Sehr geehrter Besucher, nach Konsultation dieser Website k\u00f6nnen Daten verarbeitet werden, die sich auf identifizierte oder identifizierbare nat\u00fcrliche Personen beziehen. Mit [\u2026]","og_url":"https:\/\/www.rentmandel.it\/de\/privacy-policy\/","og_site_name":"Rent Mandel","article_modified_time":"2024-05-09T11:56:44+00:00","twitter_card":"summary_large_image","twitter_misc":{"Gesch\u00e4tzte Lesezeit":"6\u00a0Minuten"},"schema":{"@context":"https:\/\/schema.org","@graph":[{"@type":"WebPage","@id":"https:\/\/www.rentmandel.it\/de\/privacy-policy\/","url":"https:\/\/www.rentmandel.it\/de\/privacy-policy\/","name":"Privacy Policy - Rent Mandel","isPartOf":{"@id":"https:\/\/www.rentmandel.it\/#website"},"datePublished":"2024-04-05T13:21:08+00:00","dateModified":"2024-05-09T11:56:44+00:00","breadcrumb":{"@id":"https:\/\/www.rentmandel.it\/de\/privacy-policy\/#breadcrumb"},"inLanguage":"de","potentialAction":[{"@type":"ReadAction","target":["https:\/\/www.rentmandel.it\/de\/privacy-policy\/"]}]},{"@type":"BreadcrumbList","@id":"https:\/\/www.rentmandel.it\/de\/privacy-policy\/#breadcrumb","itemListElement":[{"@type":"ListItem","position":1,"name":"Home","item":"https:\/\/www.rentmandel.it\/de\/"},{"@type":"ListItem","position":2,"name":"Privacy Policy"}]},{"@type":"WebSite","@id":"https:\/\/www.rentmandel.it\/#website","url":"https:\/\/www.rentmandel.it\/","name":"Rent Mandel","description":"Numerosi servizi alla spiaggia di Morcone all&#039;Isola d&#039;Elba","publisher":{"@id":"https:\/\/www.rentmandel.it\/#organization"},"potentialAction":[{"@type":"SearchAction","target":{"@type":"EntryPoint","urlTemplate":"https:\/\/www.rentmandel.it\/?s={search_term_string}"},"query-input":{"@type":"PropertyValueSpecification","valueRequired":true,"valueName":"search_term_string"}}],"inLanguage":"de"},{"@type":"Organization","@id":"https:\/\/www.rentmandel.it\/#organization","name":"Rent Mandel","url":"https:\/\/www.rentmandel.it\/","logo":{"@type":"ImageObject","inLanguage":"de","@id":"https:\/\/www.rentmandel.it\/#\/schema\/logo\/image\/","url":"https:\/\/www.rentmandel.it\/wp-content\/uploads\/2024\/04\/logo.png","contentUrl":"https:\/\/www.rentmandel.it\/wp-content\/uploads\/2024\/04\/logo.png","width":300,"height":100,"caption":"Rent Mandel"},"image":{"@id":"https:\/\/www.rentmandel.it\/#\/schema\/logo\/image\/"}}]}},"_links":{"self":[{"href":"https:\/\/www.rentmandel.it\/de\/wp-json\/wp\/v2\/pages\/1952","targetHints":{"allow":["GET"]}}],"collection":[{"href":"https:\/\/www.rentmandel.it\/de\/wp-json\/wp\/v2\/pages"}],"about":[{"href":"https:\/\/www.rentmandel.it\/de\/wp-json\/wp\/v2\/types\/page"}],"author":[{"embeddable":true,"href":"https:\/\/www.rentmandel.it\/de\/wp-json\/wp\/v2\/users\/1"}],"replies":[{"embeddable":true,"href":"https:\/\/www.rentmandel.it\/de\/wp-json\/wp\/v2\/comments?post=1952"}],"version-history":[{"count":3,"href":"https:\/\/www.rentmandel.it\/de\/wp-json\/wp\/v2\/pages\/1952\/revisions"}],"predecessor-version":[{"id":2066,"href":"https:\/\/www.rentmandel.it\/de\/wp-json\/wp\/v2\/pages\/1952\/revisions\/2066"}],"wp:attachment":[{"href":"https:\/\/www.rentmandel.it\/de\/wp-json\/wp\/v2\/media?parent=1952"}],"curies":[{"name":"wp","href":"https:\/\/api.w.org\/{rel}","templated":true}]}}