{"id":1957,"date":"2024-05-09T11:49:29","date_gmt":"2024-05-09T09:49:29","guid":{"rendered":"https:\/\/rentmandel.youelba.com\/informazioni-utili\/"},"modified":"2024-05-13T08:47:25","modified_gmt":"2024-05-13T06:47:25","slug":"nuetzliche-informationen","status":"publish","type":"page","link":"https:\/\/www.rentmandel.it\/de\/nuetzliche-informationen\/","title":{"rendered":"N\u00fctzliche Informationen"},"content":{"rendered":"\t\t<div data-elementor-type=\"wp-page\" data-elementor-id=\"1957\" class=\"elementor elementor-1957\">\n\t\t\t\t\t\t<section class=\"elementor-section elementor-top-section elementor-element elementor-element-75f61c9 elementor-section-stretched elementor-section-boxed elementor-section-height-default elementor-section-height-default\" data-id=\"75f61c9\" data-element_type=\"section\" data-e-type=\"section\" data-settings=\"{&quot;stretch_section&quot;:&quot;section-stretched&quot;}\">\n\t\t\t\t\t\t<div class=\"elementor-container elementor-column-gap-wider\">\n\t\t\t\t\t<div class=\"elementor-column elementor-col-100 elementor-top-column elementor-element elementor-element-222db53\" data-id=\"222db53\" data-element_type=\"column\" data-e-type=\"column\">\n\t\t\t<div class=\"elementor-widget-wrap elementor-element-populated\">\n\t\t\t\t\t\t<section class=\"elementor-section elementor-inner-section elementor-element elementor-element-98e99b9 elementor-section-boxed elementor-section-height-default elementor-section-height-default\" data-id=\"98e99b9\" data-element_type=\"section\" data-e-type=\"section\">\n\t\t\t\t\t\t<div class=\"elementor-container elementor-column-gap-wider\">\n\t\t\t\t\t<div class=\"elementor-column elementor-col-100 elementor-inner-column elementor-element elementor-element-0e03787\" data-id=\"0e03787\" data-element_type=\"column\" data-e-type=\"column\">\n\t\t\t<div class=\"elementor-widget-wrap elementor-element-populated\">\n\t\t\t\t\t\t<div class=\"elementor-element elementor-element-a4868e5 elementor-widget elementor-widget-image\" data-id=\"a4868e5\" data-element_type=\"widget\" data-e-type=\"widget\" data-widget_type=\"image.default\">\n\t\t\t\t<div class=\"elementor-widget-container\">\n\t\t\t\t\t\t\t\t\t\t\t\t\t\t\t\t<a href=\"https:\/\/www.rentmandel.it\/wp-content\/uploads\/2024\/04\/cartina-2019-fronte-trasparente.png\" data-elementor-open-lightbox=\"yes\" data-e-action-hash=\"#elementor-action%3Aaction%3Dlightbox%26settings%3DeyJpZCI6NjU1LCJ1cmwiOiJodHRwczpcL1wvd3d3LnJlbnRtYW5kZWwuaXRcL3dwLWNvbnRlbnRcL3VwbG9hZHNcLzIwMjRcLzA0XC9jYXJ0aW5hLTIwMTktZnJvbnRlLXRyYXNwYXJlbnRlLnBuZyJ9\">\n\t\t\t\t\t\t\t<img fetchpriority=\"high\" decoding=\"async\" width=\"1920\" height=\"1357\" src=\"https:\/\/www.rentmandel.it\/wp-content\/uploads\/2024\/04\/cartina-2019-fronte-trasparente.png\" class=\"attachment-full size-full wp-image-655\" alt=\"\" srcset=\"https:\/\/www.rentmandel.it\/wp-content\/uploads\/2024\/04\/cartina-2019-fronte-trasparente.png 1920w, https:\/\/www.rentmandel.it\/wp-content\/uploads\/2024\/04\/cartina-2019-fronte-trasparente-500x353.png 500w, https:\/\/www.rentmandel.it\/wp-content\/uploads\/2024\/04\/cartina-2019-fronte-trasparente-1200x848.png 1200w, https:\/\/www.rentmandel.it\/wp-content\/uploads\/2024\/04\/cartina-2019-fronte-trasparente-300x212.png 300w, https:\/\/www.rentmandel.it\/wp-content\/uploads\/2024\/04\/cartina-2019-fronte-trasparente-768x543.png 768w, https:\/\/www.rentmandel.it\/wp-content\/uploads\/2024\/04\/cartina-2019-fronte-trasparente-1536x1086.png 1536w, https:\/\/www.rentmandel.it\/wp-content\/uploads\/2024\/04\/cartina-2019-fronte-trasparente-106x75.png 106w, https:\/\/www.rentmandel.it\/wp-content\/uploads\/2024\/04\/cartina-2019-fronte-trasparente-480x339.png 480w\" sizes=\"(max-width:767px) 480px, (max-width:1920px) 100vw, 1920px\" \/>\t\t\t\t\t\t\t\t<\/a>\n\t\t\t\t\t\t\t\t\t\t\t\t\t\t\t<\/div>\n\t\t\t\t<\/div>\n\t\t\t\t\t<\/div>\n\t\t<\/div>\n\t\t\t\t\t<\/div>\n\t\t<\/section>\n\t\t\t\t<section class=\"elementor-section elementor-inner-section elementor-element elementor-element-e54bcb4 elementor-section-boxed elementor-section-height-default elementor-section-height-default\" data-id=\"e54bcb4\" data-element_type=\"section\" data-e-type=\"section\">\n\t\t\t\t\t\t<div class=\"elementor-container elementor-column-gap-wider\">\n\t\t\t\t\t<div class=\"elementor-column elementor-col-100 elementor-inner-column elementor-element elementor-element-c9b3560\" data-id=\"c9b3560\" data-element_type=\"column\" data-e-type=\"column\">\n\t\t\t<div class=\"elementor-widget-wrap elementor-element-populated\">\n\t\t\t\t\t\t<div class=\"elementor-element elementor-element-fe120fa elementor-widget elementor-widget-text-editor\" data-id=\"fe120fa\" data-element_type=\"widget\" data-e-type=\"widget\" data-widget_type=\"text-editor.default\">\n\t\t\t\t<div class=\"elementor-widget-container\">\n\t\t\t\t\t\t\t\t\t<h2>DINGE, DIE MAN WISSEN MUSS<\/h2>\t\t\t\t\t\t\t\t<\/div>\n\t\t\t\t<\/div>\n\t\t\t\t<div class=\"elementor-element elementor-element-fd60bd9 elementor-widget elementor-widget-text-editor\" data-id=\"fd60bd9\" data-element_type=\"widget\" data-e-type=\"widget\" data-widget_type=\"text-editor.default\">\n\t\t\t\t<div class=\"elementor-widget-container\">\n\t\t\t\t\t\t\t\t\t<p>Die Insel Elba eignet sich sehr gut, um vom Meer aus erkundet zu werden, um ihre Sch\u00f6nheit und ihre Farben voll zu genie\u00dfen.<\/p><p>Die Insel bietet entlang ihrer 147 km langen K\u00fcstenentwicklung einen Wechsel von gro\u00dfen Buchten zu kleinen, abgelegenen Buchten, Sandstr\u00e4nden zu Kiesstr\u00e4nden. Eine gro\u00dfartige Landschaft \u00f6ffnet sich jedes Mal, wenn man an einem Vorgebirge vorbeikommt.<\/p><p>Seit 1978 stehen wir unseren Freunden und G\u00e4sten mit unseren Booten, Schlauchbooten, Tretbooten, Windsurfen und unserer Erfahrung zur Verf\u00fcgung.\u00a0<\/p><p>Sie finden uns in Morcone, 3 km von der Hauptstadt entfernt, an der Stra\u00dfe, die nach Innamorata f\u00fchrt, auf der rechten Seite. Wenn Sie in der N\u00e4he des Strandes ankommen, finden Sie nach 100 Metern auf der rechten Seite den st\u00e4dtischen Parkplatz, oder nach 30 Metern auf der rechten Seite den Eingang zum Strand Mandel 2, wo Sie auch das Tauchen, die Bar und die Vermietung finden.<\/p><p>Unsere Boote\u00a0<u><strong>werden ohne F\u00fchrerschein bis 40 PS<\/strong><\/u>\u00a0und\u00a0<u><strong>mit F\u00fchrerschein \u00fcber 40 PS<\/strong><\/u>\u00a0gefahren und sind komplett mit allem, was Sie brauchen, um einen sch\u00f6nen Tag auf See in absoluter Sicherheit zu verbringen.<\/p><p>Vergiss jedoch nicht, dass deine Sicherheit mit zuverl\u00e4ssigen Mitteln gew\u00e4hrleistet ist, aber vor allem durch deine Vorsicht.<\/p><p>Wenn Sie sich entscheiden, die Insel zu umfahren, empfehlen wir Ihnen, das Erlebnis in zwei Tage aufzuteilen. Nicht, weil man es nicht an einem Tag machen kann, aber es w\u00e4re auf Kosten der Entspannung und der sch\u00f6nen Aussicht.<\/p><p>M\u00f6glicherweise bringen Sie immer ein Handy mit und teilen Sie uns Ihre Nummer mit, um Sie im Bedarfsfall zu finden.<\/p><p>Vor dem Verlassen des Geb\u00e4udes erhalten Sie von unseren Mitarbeitern Fahrkenntnisse und eine Karte mit den wichtigsten Informationen.<\/p><p>F\u00fcr Zweifel oder Unklarheiten stehen wir Ihnen den ganzen Tag \u00fcber zur Verf\u00fcgung und mit einem einfachen Telefonat k\u00f6nnen Sie jeden Zweifel oder jedes Problem l\u00f6sen.<\/p><p>Auf See steht die Vorsicht an erster Stelle, und der Vorrang ist ein Recht auf Erhalt, aber eine Pflicht, ihn zu geben.<\/p><p><u><strong>In der Navigation sind die einzuhaltenden Entfernungen:<\/strong><\/u><\/p><ul><li>200 Meter von den Str\u00e4nden entfernt<\/li><li>100 mt von der K\u00fcste bis zum Gipfel<\/li><li>100 mt von den gelben Bojen entfernt<\/li><li>100 m von Booten und B\u00e4llen mit roter Flagge und wei\u00dfem Streifen entfernt.<\/li><\/ul><p>Die ausgestatteten Str\u00e4nde sind nur \u00fcber die Landebahnen 200 Meter vom Strand entfernt zug\u00e4nglich und erkennbar an 2 gro\u00dfen Bojen, die am Anfang stehen und mit einer Geschwindigkeit von 3 Knoten fahren (man sollte den Weg hinter dem Boot nicht sehen), so langsam.<\/p><p>An nicht ausgestatteten Str\u00e4nden ist die Landung nur an steilen Klippen erlaubt.<\/p><p><u><strong>Es ist verboten, zwischen den Gemini-Inseln und dem Festland sowie zwischen der Insel Corbella und dem Festland zu reisen.<\/strong><\/u><\/p>\t\t\t\t\t\t\t\t<\/div>\n\t\t\t\t<\/div>\n\t\t\t\t\t<\/div>\n\t\t<\/div>\n\t\t\t\t\t<\/div>\n\t\t<\/section>\n\t\t\t\t<section class=\"elementor-section elementor-inner-section elementor-element elementor-element-392b22d elementor-section-boxed elementor-section-height-default elementor-section-height-default\" data-id=\"392b22d\" data-element_type=\"section\" data-e-type=\"section\">\n\t\t\t\t\t\t<div class=\"elementor-container elementor-column-gap-wider\">\n\t\t\t\t\t<div class=\"elementor-column elementor-col-100 elementor-inner-column elementor-element elementor-element-33ef332\" data-id=\"33ef332\" data-element_type=\"column\" data-e-type=\"column\">\n\t\t\t<div class=\"elementor-widget-wrap elementor-element-populated\">\n\t\t\t\t\t\t<div class=\"elementor-element elementor-element-8936530 elementor-widget elementor-widget-text-editor\" data-id=\"8936530\" data-element_type=\"widget\" data-e-type=\"widget\" data-widget_type=\"text-editor.default\">\n\t\t\t\t<div class=\"elementor-widget-container\">\n\t\t\t\t\t\t\t\t\t<h2>VERANTWORTUNG<\/h2>\t\t\t\t\t\t\t\t<\/div>\n\t\t\t\t<\/div>\n\t\t\t\t<div class=\"elementor-element elementor-element-6bbdbda elementor-widget elementor-widget-text-editor\" data-id=\"6bbdbda\" data-element_type=\"widget\" data-e-type=\"widget\" data-widget_type=\"text-editor.default\">\n\t\t\t\t<div class=\"elementor-widget-container\">\n\t\t\t\t\t\t\t\t\t<p>Die Sch\u00e4den an den Booten gehen zu Lasten des Kunden.<\/p><p>Die Boote werden in einwandfreiem Zustand, vorschriftsm\u00e4\u00dfig und mit einem vollen Tank geliefert.<\/p><p>Im Falle von Anomalien m\u00fcssen diese sofort dem Charterer gemeldet werden, da alle festgestellten Sch\u00e4den oder M\u00e4ngel vom Kunden getragen werden.<\/p><p>Die Bu\u00dfgelder werden in voller H\u00f6he dem Kunden in Rechnung gestellt, da die Boote f\u00fcr die Navigation innerhalb der Seemeile von der K\u00fcste aus bestimmt sind.<\/p><p>Im Falle einer Beschlagnahme oder vorsorglichen Inhaftierung oder schwerer Sch\u00e4den wird der Tagessatz bis zur R\u00fcckkehr des Schiffes angewendet.<\/p><p>Benzin ist im Verbrauch und nicht im Listenpreis enthalten.<\/p><p>Der Restbetrag ist bei der R\u00fcckgabe und wird durch Hinzuf\u00fcgen der Benzinkosten zum Betrag der Bootsmiete gebildet.<\/p>\t\t\t\t\t\t\t\t<\/div>\n\t\t\t\t<\/div>\n\t\t\t\t\t<\/div>\n\t\t<\/div>\n\t\t\t\t\t<\/div>\n\t\t<\/section>\n\t\t\t\t\t<\/div>\n\t\t<\/div>\n\t\t\t\t\t<\/div>\n\t\t<\/section>\n\t\t<div class=\"elementor-element elementor-element-7900c4d e-con-full e-flex e-con e-parent\" data-id=\"7900c4d\" data-element_type=\"container\" data-e-type=\"container\">\n\t\t<div class=\"elementor-element elementor-element-3180512 e-con-full e-flex e-con e-child\" data-id=\"3180512\" data-element_type=\"container\" data-e-type=\"container\">\n\t\t\t\t<div class=\"elementor-element elementor-element-cdca2c1 elementor-widget elementor-widget-spacer\" data-id=\"cdca2c1\" data-element_type=\"widget\" data-e-type=\"widget\" data-widget_type=\"spacer.default\">\n\t\t\t\t<div class=\"elementor-widget-container\">\n\t\t\t\t\t\t\t<div class=\"elementor-spacer\">\n\t\t\t<div class=\"elementor-spacer-inner\"><\/div>\n\t\t<\/div>\n\t\t\t\t\t\t<\/div>\n\t\t\t\t<\/div>\n\t\t\t\t<\/div>\n\t\t\t\t<\/div>\n\t\t\t\t<\/div>\n\t\t","protected":false},"excerpt":{"rendered":"<p>DINGE, DIE MAN WISSEN MUSS Die Insel Elba eignet sich sehr gut, um vom Meer aus erkundet zu werden, um ihre Sch\u00f6nheit und ihre Farben voll<span class=\"excerpt-hellip\"> [\u2026]<\/span><\/p>\n","protected":false},"author":1,"featured_media":0,"parent":0,"menu_order":0,"comment_status":"open","ping_status":"closed","template":"","meta":{"footnotes":""},"class_list":["post-1957","page","type-page","status-publish","hentry"],"yoast_head":"<!-- This site is optimized with the Yoast SEO plugin v27.3 - https:\/\/yoast.com\/product\/yoast-seo-wordpress\/ -->\n<title>N\u00fctzliche Informationen - Rent Mandel<\/title>\n<meta name=\"robots\" content=\"index, follow, max-snippet:-1, max-image-preview:large, max-video-preview:-1\" \/>\n<link rel=\"canonical\" href=\"https:\/\/www.rentmandel.it\/de\/nuetzliche-informationen\/\" \/>\n<meta property=\"og:locale\" content=\"de_DE\" \/>\n<meta property=\"og:type\" content=\"article\" \/>\n<meta property=\"og:title\" content=\"N\u00fctzliche Informationen - Rent Mandel\" \/>\n<meta property=\"og:description\" content=\"DINGE, DIE MAN WISSEN MUSS Die Insel Elba eignet sich sehr gut, um vom Meer aus erkundet zu werden, um ihre Sch\u00f6nheit und ihre Farben voll [\u2026]\" \/>\n<meta property=\"og:url\" content=\"https:\/\/www.rentmandel.it\/de\/nuetzliche-informationen\/\" \/>\n<meta property=\"og:site_name\" content=\"Rent Mandel\" \/>\n<meta property=\"article:modified_time\" content=\"2024-05-13T06:47:25+00:00\" \/>\n<meta property=\"og:image\" content=\"https:\/\/www.rentmandel.it\/wp-content\/uploads\/2024\/04\/cartina-2019-fronte-trasparente.png\" \/>\n<meta name=\"twitter:card\" content=\"summary_large_image\" \/>\n<meta name=\"twitter:label1\" content=\"Gesch\u00e4tzte Lesezeit\" \/>\n\t<meta name=\"twitter:data1\" content=\"3\u00a0Minuten\" \/>\n<script type=\"application\/ld+json\" class=\"yoast-schema-graph\">{\"@context\":\"https:\\\/\\\/schema.org\",\"@graph\":[{\"@type\":\"WebPage\",\"@id\":\"https:\\\/\\\/www.rentmandel.it\\\/de\\\/nuetzliche-informationen\\\/\",\"url\":\"https:\\\/\\\/www.rentmandel.it\\\/de\\\/nuetzliche-informationen\\\/\",\"name\":\"N\u00fctzliche Informationen - Rent Mandel\",\"isPartOf\":{\"@id\":\"https:\\\/\\\/www.rentmandel.it\\\/#website\"},\"primaryImageOfPage\":{\"@id\":\"https:\\\/\\\/www.rentmandel.it\\\/de\\\/nuetzliche-informationen\\\/#primaryimage\"},\"image\":{\"@id\":\"https:\\\/\\\/www.rentmandel.it\\\/de\\\/nuetzliche-informationen\\\/#primaryimage\"},\"thumbnailUrl\":\"https:\\\/\\\/www.rentmandel.it\\\/wp-content\\\/uploads\\\/2024\\\/04\\\/cartina-2019-fronte-trasparente.png\",\"datePublished\":\"2024-05-09T09:49:29+00:00\",\"dateModified\":\"2024-05-13T06:47:25+00:00\",\"breadcrumb\":{\"@id\":\"https:\\\/\\\/www.rentmandel.it\\\/de\\\/nuetzliche-informationen\\\/#breadcrumb\"},\"inLanguage\":\"de\",\"potentialAction\":[{\"@type\":\"ReadAction\",\"target\":[\"https:\\\/\\\/www.rentmandel.it\\\/de\\\/nuetzliche-informationen\\\/\"]}]},{\"@type\":\"ImageObject\",\"inLanguage\":\"de\",\"@id\":\"https:\\\/\\\/www.rentmandel.it\\\/de\\\/nuetzliche-informationen\\\/#primaryimage\",\"url\":\"https:\\\/\\\/www.rentmandel.it\\\/wp-content\\\/uploads\\\/2024\\\/04\\\/cartina-2019-fronte-trasparente.png\",\"contentUrl\":\"https:\\\/\\\/www.rentmandel.it\\\/wp-content\\\/uploads\\\/2024\\\/04\\\/cartina-2019-fronte-trasparente.png\"},{\"@type\":\"BreadcrumbList\",\"@id\":\"https:\\\/\\\/www.rentmandel.it\\\/de\\\/nuetzliche-informationen\\\/#breadcrumb\",\"itemListElement\":[{\"@type\":\"ListItem\",\"position\":1,\"name\":\"Home\",\"item\":\"https:\\\/\\\/www.rentmandel.it\\\/de\\\/\"},{\"@type\":\"ListItem\",\"position\":2,\"name\":\"N\u00fctzliche Informationen\"}]},{\"@type\":\"WebSite\",\"@id\":\"https:\\\/\\\/www.rentmandel.it\\\/#website\",\"url\":\"https:\\\/\\\/www.rentmandel.it\\\/\",\"name\":\"Rent Mandel\",\"description\":\"Numerosi servizi alla spiaggia di Morcone all&#039;Isola d&#039;Elba\",\"publisher\":{\"@id\":\"https:\\\/\\\/www.rentmandel.it\\\/#organization\"},\"potentialAction\":[{\"@type\":\"SearchAction\",\"target\":{\"@type\":\"EntryPoint\",\"urlTemplate\":\"https:\\\/\\\/www.rentmandel.it\\\/?s={search_term_string}\"},\"query-input\":{\"@type\":\"PropertyValueSpecification\",\"valueRequired\":true,\"valueName\":\"search_term_string\"}}],\"inLanguage\":\"de\"},{\"@type\":\"Organization\",\"@id\":\"https:\\\/\\\/www.rentmandel.it\\\/#organization\",\"name\":\"Rent Mandel\",\"url\":\"https:\\\/\\\/www.rentmandel.it\\\/\",\"logo\":{\"@type\":\"ImageObject\",\"inLanguage\":\"de\",\"@id\":\"https:\\\/\\\/www.rentmandel.it\\\/#\\\/schema\\\/logo\\\/image\\\/\",\"url\":\"https:\\\/\\\/www.rentmandel.it\\\/wp-content\\\/uploads\\\/2024\\\/04\\\/logo.png\",\"contentUrl\":\"https:\\\/\\\/www.rentmandel.it\\\/wp-content\\\/uploads\\\/2024\\\/04\\\/logo.png\",\"width\":300,\"height\":100,\"caption\":\"Rent Mandel\"},\"image\":{\"@id\":\"https:\\\/\\\/www.rentmandel.it\\\/#\\\/schema\\\/logo\\\/image\\\/\"}}]}<\/script>\n<!-- \/ Yoast SEO plugin. -->","yoast_head_json":{"title":"N\u00fctzliche Informationen - Rent Mandel","robots":{"index":"index","follow":"follow","max-snippet":"max-snippet:-1","max-image-preview":"max-image-preview:large","max-video-preview":"max-video-preview:-1"},"canonical":"https:\/\/www.rentmandel.it\/de\/nuetzliche-informationen\/","og_locale":"de_DE","og_type":"article","og_title":"N\u00fctzliche Informationen - Rent Mandel","og_description":"DINGE, DIE MAN WISSEN MUSS Die Insel Elba eignet sich sehr gut, um vom Meer aus erkundet zu werden, um ihre Sch\u00f6nheit und ihre Farben voll [\u2026]","og_url":"https:\/\/www.rentmandel.it\/de\/nuetzliche-informationen\/","og_site_name":"Rent Mandel","article_modified_time":"2024-05-13T06:47:25+00:00","og_image":[{"url":"https:\/\/www.rentmandel.it\/wp-content\/uploads\/2024\/04\/cartina-2019-fronte-trasparente.png","type":"","width":"","height":""}],"twitter_card":"summary_large_image","twitter_misc":{"Gesch\u00e4tzte Lesezeit":"3\u00a0Minuten"},"schema":{"@context":"https:\/\/schema.org","@graph":[{"@type":"WebPage","@id":"https:\/\/www.rentmandel.it\/de\/nuetzliche-informationen\/","url":"https:\/\/www.rentmandel.it\/de\/nuetzliche-informationen\/","name":"N\u00fctzliche Informationen - Rent Mandel","isPartOf":{"@id":"https:\/\/www.rentmandel.it\/#website"},"primaryImageOfPage":{"@id":"https:\/\/www.rentmandel.it\/de\/nuetzliche-informationen\/#primaryimage"},"image":{"@id":"https:\/\/www.rentmandel.it\/de\/nuetzliche-informationen\/#primaryimage"},"thumbnailUrl":"https:\/\/www.rentmandel.it\/wp-content\/uploads\/2024\/04\/cartina-2019-fronte-trasparente.png","datePublished":"2024-05-09T09:49:29+00:00","dateModified":"2024-05-13T06:47:25+00:00","breadcrumb":{"@id":"https:\/\/www.rentmandel.it\/de\/nuetzliche-informationen\/#breadcrumb"},"inLanguage":"de","potentialAction":[{"@type":"ReadAction","target":["https:\/\/www.rentmandel.it\/de\/nuetzliche-informationen\/"]}]},{"@type":"ImageObject","inLanguage":"de","@id":"https:\/\/www.rentmandel.it\/de\/nuetzliche-informationen\/#primaryimage","url":"https:\/\/www.rentmandel.it\/wp-content\/uploads\/2024\/04\/cartina-2019-fronte-trasparente.png","contentUrl":"https:\/\/www.rentmandel.it\/wp-content\/uploads\/2024\/04\/cartina-2019-fronte-trasparente.png"},{"@type":"BreadcrumbList","@id":"https:\/\/www.rentmandel.it\/de\/nuetzliche-informationen\/#breadcrumb","itemListElement":[{"@type":"ListItem","position":1,"name":"Home","item":"https:\/\/www.rentmandel.it\/de\/"},{"@type":"ListItem","position":2,"name":"N\u00fctzliche Informationen"}]},{"@type":"WebSite","@id":"https:\/\/www.rentmandel.it\/#website","url":"https:\/\/www.rentmandel.it\/","name":"Rent Mandel","description":"Numerosi servizi alla spiaggia di Morcone all&#039;Isola d&#039;Elba","publisher":{"@id":"https:\/\/www.rentmandel.it\/#organization"},"potentialAction":[{"@type":"SearchAction","target":{"@type":"EntryPoint","urlTemplate":"https:\/\/www.rentmandel.it\/?s={search_term_string}"},"query-input":{"@type":"PropertyValueSpecification","valueRequired":true,"valueName":"search_term_string"}}],"inLanguage":"de"},{"@type":"Organization","@id":"https:\/\/www.rentmandel.it\/#organization","name":"Rent Mandel","url":"https:\/\/www.rentmandel.it\/","logo":{"@type":"ImageObject","inLanguage":"de","@id":"https:\/\/www.rentmandel.it\/#\/schema\/logo\/image\/","url":"https:\/\/www.rentmandel.it\/wp-content\/uploads\/2024\/04\/logo.png","contentUrl":"https:\/\/www.rentmandel.it\/wp-content\/uploads\/2024\/04\/logo.png","width":300,"height":100,"caption":"Rent Mandel"},"image":{"@id":"https:\/\/www.rentmandel.it\/#\/schema\/logo\/image\/"}}]}},"_links":{"self":[{"href":"https:\/\/www.rentmandel.it\/de\/wp-json\/wp\/v2\/pages\/1957","targetHints":{"allow":["GET"]}}],"collection":[{"href":"https:\/\/www.rentmandel.it\/de\/wp-json\/wp\/v2\/pages"}],"about":[{"href":"https:\/\/www.rentmandel.it\/de\/wp-json\/wp\/v2\/types\/page"}],"author":[{"embeddable":true,"href":"https:\/\/www.rentmandel.it\/de\/wp-json\/wp\/v2\/users\/1"}],"replies":[{"embeddable":true,"href":"https:\/\/www.rentmandel.it\/de\/wp-json\/wp\/v2\/comments?post=1957"}],"version-history":[{"count":5,"href":"https:\/\/www.rentmandel.it\/de\/wp-json\/wp\/v2\/pages\/1957\/revisions"}],"predecessor-version":[{"id":2163,"href":"https:\/\/www.rentmandel.it\/de\/wp-json\/wp\/v2\/pages\/1957\/revisions\/2163"}],"wp:attachment":[{"href":"https:\/\/www.rentmandel.it\/de\/wp-json\/wp\/v2\/media?parent=1957"}],"curies":[{"name":"wp","href":"https:\/\/api.w.org\/{rel}","templated":true}]}}